{"id":15257,"date":"2025-07-26T18:32:39","date_gmt":"2025-07-26T18:32:39","guid":{"rendered":"https:\/\/cipele.ba\/shop\/uncategorized\/puma-patike-caven-2-0\/"},"modified":"2026-04-16T21:21:06","modified_gmt":"2026-04-16T21:21:06","slug":"puma-patike-caven-2-0","status":"publish","type":"product","link":"https:\/\/cipele.ba\/en\/shop\/muskarci\/muske-patike\/puma-patike-caven-2-0\/","title":{"rendered":"Puma Patike Caven 2.0"},"content":{"rendered":"","protected":false},"excerpt":{"rendered":"<p>Obzirom na to da je Smash veliki hit na terenima, nema sumnje da \u0107e i ova a\u017eurirana serija Smash modela zauzeti mjesto omiljene obu\u0107e u Va\u0161oj kolekciji. Inspirisan tenisom, ipak ne isklju\u010duje svakodnevno u\u017eivanje u udobnosti ovih patika.<\/p>","protected":false},"featured_media":15255,"template":"","meta":{"jetpack_post_was_ever_published":false},"product_brand":[89],"product_cat":[67],"product_tag":[],"class_list":{"0":"post-15257","1":"product","2":"type-product","3":"status-publish","4":"has-post-thumbnail","6":"product_brand-mocca_commerce","7":"product_cat-muske-patike","9":"first","10":"instock","11":"shipping-taxable","12":"product-type-external"},"jetpack-related-posts":[],"jetpack_sharing_enabled":true,"_links":{"self":[{"href":"https:\/\/cipele.ba\/en\/wp-json\/wp\/v2\/product\/15257","targetHints":{"allow":["GET"]}}],"collection":[{"href":"https:\/\/cipele.ba\/en\/wp-json\/wp\/v2\/product"}],"about":[{"href":"https:\/\/cipele.ba\/en\/wp-json\/wp\/v2\/types\/product"}],"wp:featuredmedia":[{"embeddable":true,"href":"https:\/\/cipele.ba\/en\/wp-json\/wp\/v2\/media\/15255"}],"wp:attachment":[{"href":"https:\/\/cipele.ba\/en\/wp-json\/wp\/v2\/media?parent=15257"}],"wp:term":[{"taxonomy":"product_brand","embeddable":true,"href":"https:\/\/cipele.ba\/en\/wp-json\/wp\/v2\/product_brand?post=15257"},{"taxonomy":"product_cat","embeddable":true,"href":"https:\/\/cipele.ba\/en\/wp-json\/wp\/v2\/product_cat?post=15257"},{"taxonomy":"product_tag","embeddable":true,"href":"https:\/\/cipele.ba\/en\/wp-json\/wp\/v2\/product_tag?post=15257"}],"curies":[{"name":"wp","href":"https:\/\/api.w.org\/{rel}","templated":true}]}}