{"id":15292,"date":"2025-07-26T18:32:53","date_gmt":"2025-07-26T18:32:53","guid":{"rendered":"https:\/\/cipele.ba\/shop\/uncategorized\/skechers-patike-uno-2-90s-2\/"},"modified":"2026-04-03T18:26:50","modified_gmt":"2026-04-03T18:26:50","slug":"skechers-patike-uno-2-90s-2","status":"publish","type":"product","link":"https:\/\/cipele.ba\/en\/shop\/muskarci\/muske-patike\/skechers-patike-uno-2-90s-2\/","title":{"rendered":"Skechers Patike Uno 2-90's 2"},"content":{"rendered":"<p>Zakora\u010dite sa stilom i udobno\u0161\u0107u nose\u0107i Skechers Street Uno 2 &#8211; 90's 2. Ova kombinacija oldschool modela i savremene mode ima gornji dio od pravog antilopa, mre\u017ee i topljivog sloja sa Skechers Air-Cooled Memory Foam ulo\u0161kom i vidljivim Skech -Air airbag srednji dio \u0111ona.<\/p>","protected":false},"excerpt":{"rendered":"<p>Zakora\u010dite sa stilom i udobno\u0161\u0107u nose\u0107i Skechers Street Uno 2 &#8211; 90's 2. Ova kombinacija oldschool modela i savremene mode ima gornji dio od pravog antilopa, mre\u017ee i topljivog sloja sa Skechers Air-Cooled Memory Foam ulo\u0161kom i vidljivim Skech -Air airbag srednji dio \u0111ona.<\/p>","protected":false},"featured_media":15285,"template":"","meta":{"jetpack_post_was_ever_published":false},"product_brand":[89],"product_cat":[67],"product_tag":[],"class_list":{"0":"post-15292","1":"product","2":"type-product","3":"status-publish","4":"has-post-thumbnail","6":"product_brand-mocca_commerce","7":"product_cat-muske-patike","9":"first","10":"instock","11":"shipping-taxable","12":"product-type-external"},"jetpack-related-posts":[],"jetpack_sharing_enabled":true,"_links":{"self":[{"href":"https:\/\/cipele.ba\/en\/wp-json\/wp\/v2\/product\/15292","targetHints":{"allow":["GET"]}}],"collection":[{"href":"https:\/\/cipele.ba\/en\/wp-json\/wp\/v2\/product"}],"about":[{"href":"https:\/\/cipele.ba\/en\/wp-json\/wp\/v2\/types\/product"}],"wp:featuredmedia":[{"embeddable":true,"href":"https:\/\/cipele.ba\/en\/wp-json\/wp\/v2\/media\/15285"}],"wp:attachment":[{"href":"https:\/\/cipele.ba\/en\/wp-json\/wp\/v2\/media?parent=15292"}],"wp:term":[{"taxonomy":"product_brand","embeddable":true,"href":"https:\/\/cipele.ba\/en\/wp-json\/wp\/v2\/product_brand?post=15292"},{"taxonomy":"product_cat","embeddable":true,"href":"https:\/\/cipele.ba\/en\/wp-json\/wp\/v2\/product_cat?post=15292"},{"taxonomy":"product_tag","embeddable":true,"href":"https:\/\/cipele.ba\/en\/wp-json\/wp\/v2\/product_tag?post=15292"}],"curies":[{"name":"wp","href":"https:\/\/api.w.org\/{rel}","templated":true}]}}