{"id":15332,"date":"2025-07-26T18:33:09","date_gmt":"2025-07-26T18:33:09","guid":{"rendered":"https:\/\/cipele.ba\/shop\/uncategorized\/skechers-patike-selectors-reset-achieved\/"},"modified":"2026-03-28T07:05:42","modified_gmt":"2026-03-28T07:05:42","slug":"skechers-patike-selectors-reset-achieved","status":"publish","type":"product","link":"https:\/\/cipele.ba\/en\/shop\/muskarci\/muske-patike\/skechers-patike-selectors-reset-achieved\/","title":{"rendered":"Skechers Patike Selectors \u2013 Reset Achieved"},"content":{"rendered":"","protected":false},"excerpt":{"rendered":"<p>Savr\u0161ene za male istra\u017eiva\u010de u pokretu, Skechers Selectors \u2013 Reset Achieved donose spoj udobnosti, stila i prakti\u010dnosti, idealne za svakodnevne avanture!<\/p>","protected":false},"featured_media":15329,"template":"","meta":{"jetpack_post_was_ever_published":false},"product_brand":[89],"product_cat":[67],"product_tag":[],"class_list":{"0":"post-15332","1":"product","2":"type-product","3":"status-publish","4":"has-post-thumbnail","6":"product_brand-mocca_commerce","7":"product_cat-muske-patike","9":"first","10":"instock","11":"shipping-taxable","12":"product-type-external"},"jetpack-related-posts":[],"jetpack_sharing_enabled":true,"_links":{"self":[{"href":"https:\/\/cipele.ba\/en\/wp-json\/wp\/v2\/product\/15332","targetHints":{"allow":["GET"]}}],"collection":[{"href":"https:\/\/cipele.ba\/en\/wp-json\/wp\/v2\/product"}],"about":[{"href":"https:\/\/cipele.ba\/en\/wp-json\/wp\/v2\/types\/product"}],"wp:featuredmedia":[{"embeddable":true,"href":"https:\/\/cipele.ba\/en\/wp-json\/wp\/v2\/media\/15329"}],"wp:attachment":[{"href":"https:\/\/cipele.ba\/en\/wp-json\/wp\/v2\/media?parent=15332"}],"wp:term":[{"taxonomy":"product_brand","embeddable":true,"href":"https:\/\/cipele.ba\/en\/wp-json\/wp\/v2\/product_brand?post=15332"},{"taxonomy":"product_cat","embeddable":true,"href":"https:\/\/cipele.ba\/en\/wp-json\/wp\/v2\/product_cat?post=15332"},{"taxonomy":"product_tag","embeddable":true,"href":"https:\/\/cipele.ba\/en\/wp-json\/wp\/v2\/product_tag?post=15332"}],"curies":[{"name":"wp","href":"https:\/\/api.w.org\/{rel}","templated":true}]}}