{"id":15355,"date":"2025-07-26T18:33:21","date_gmt":"2025-07-26T18:33:21","guid":{"rendered":"https:\/\/cipele.ba\/shop\/uncategorized\/skechers-patike-bobs-squad-chaos-face-off-3\/"},"modified":"2026-04-17T16:24:35","modified_gmt":"2026-04-17T16:24:35","slug":"skechers-patike-bobs-squad-chaos-face-off-3","status":"publish","type":"product","link":"https:\/\/cipele.ba\/en\/shop\/muskarci\/muske-patike\/skechers-patike-bobs-squad-chaos-face-off-3\/","title":{"rendered":"Skechers Patike Bobs Squad Chaos Face Off"},"content":{"rendered":"<p>Elegantne i lagane patike koje odr\u017eavaju udobnost \u010dak i kada se nose mnogo sati. Skechers BOBS Squad Chaos &#8211; Face Off imaju lagani gornji dio koji omogu\u0107ava stopalu da di\u0161e i MemoryFoam ulo\u017eak koji se prilago\u0111ava obliku va\u0161eg stopala za nenadma\u0161nu udobnost. Bilo da ste na poslu, u \u0161etnji ili na dugom putovanju, ove cipele su idealne!<\/p>","protected":false},"excerpt":{"rendered":"<p>Elegantne i lagane patike koje odr\u017eavaju udobnost \u010dak i kada se nose mnogo sati. Skechers BOBS Squad Chaos &#8211; Face Off imaju lagani gornji dio koji omogu\u0107ava stopalu da di\u0161e i MemoryFoam ulo\u017eak koji se prilago\u0111ava obliku va\u0161eg stopala za nenadma\u0161nu udobnost. Bilo da ste na poslu, u \u0161etnji ili na dugom putovanju, ove cipele [&hellip;]<\/p>","protected":false},"featured_media":15352,"template":"","meta":{"jetpack_post_was_ever_published":false},"product_brand":[89],"product_cat":[67],"product_tag":[],"class_list":{"0":"post-15355","1":"product","2":"type-product","3":"status-publish","4":"has-post-thumbnail","6":"product_brand-mocca_commerce","7":"product_cat-muske-patike","9":"first","10":"instock","11":"shipping-taxable","12":"product-type-external"},"jetpack-related-posts":[],"jetpack_sharing_enabled":true,"_links":{"self":[{"href":"https:\/\/cipele.ba\/en\/wp-json\/wp\/v2\/product\/15355","targetHints":{"allow":["GET"]}}],"collection":[{"href":"https:\/\/cipele.ba\/en\/wp-json\/wp\/v2\/product"}],"about":[{"href":"https:\/\/cipele.ba\/en\/wp-json\/wp\/v2\/types\/product"}],"wp:featuredmedia":[{"embeddable":true,"href":"https:\/\/cipele.ba\/en\/wp-json\/wp\/v2\/media\/15352"}],"wp:attachment":[{"href":"https:\/\/cipele.ba\/en\/wp-json\/wp\/v2\/media?parent=15355"}],"wp:term":[{"taxonomy":"product_brand","embeddable":true,"href":"https:\/\/cipele.ba\/en\/wp-json\/wp\/v2\/product_brand?post=15355"},{"taxonomy":"product_cat","embeddable":true,"href":"https:\/\/cipele.ba\/en\/wp-json\/wp\/v2\/product_cat?post=15355"},{"taxonomy":"product_tag","embeddable":true,"href":"https:\/\/cipele.ba\/en\/wp-json\/wp\/v2\/product_tag?post=15355"}],"curies":[{"name":"wp","href":"https:\/\/api.w.org\/{rel}","templated":true}]}}