{"id":15369,"date":"2025-07-26T18:33:30","date_gmt":"2025-07-26T18:33:30","guid":{"rendered":"https:\/\/cipele.ba\/shop\/uncategorized\/skechers-patike-skech-lite-pro\/"},"modified":"2026-04-03T09:45:53","modified_gmt":"2026-04-03T09:45:53","slug":"skechers-patike-skech-lite-pro","status":"publish","type":"product","link":"https:\/\/cipele.ba\/en\/shop\/muskarci\/muske-patike\/skechers-patike-skech-lite-pro\/","title":{"rendered":"Skechers Patike Skech Lite Pro"},"content":{"rendered":"","protected":false},"excerpt":{"rendered":"<p>Skechers\u00a0 Skech-Lite Pro \u2013 Faregrove su lagane i udobne mu\u0161ke patike, idealne za svakodnevnu upotrebu i \u0161etnje. Zahvaljuju\u0107i prozra\u010dnom gornjem dijelu i memorijskoj pjeni, pru\u017eaju izvanrednu udobnost i stabilnost pri svakom koraku<\/p>","protected":false},"featured_media":15368,"template":"","meta":{"jetpack_post_was_ever_published":false},"product_brand":[89],"product_cat":[67],"product_tag":[],"class_list":{"0":"post-15369","1":"product","2":"type-product","3":"status-publish","4":"has-post-thumbnail","6":"product_brand-mocca_commerce","7":"product_cat-muske-patike","9":"first","10":"instock","11":"shipping-taxable","12":"product-type-external"},"jetpack-related-posts":[],"jetpack_sharing_enabled":true,"_links":{"self":[{"href":"https:\/\/cipele.ba\/en\/wp-json\/wp\/v2\/product\/15369","targetHints":{"allow":["GET"]}}],"collection":[{"href":"https:\/\/cipele.ba\/en\/wp-json\/wp\/v2\/product"}],"about":[{"href":"https:\/\/cipele.ba\/en\/wp-json\/wp\/v2\/types\/product"}],"wp:featuredmedia":[{"embeddable":true,"href":"https:\/\/cipele.ba\/en\/wp-json\/wp\/v2\/media\/15368"}],"wp:attachment":[{"href":"https:\/\/cipele.ba\/en\/wp-json\/wp\/v2\/media?parent=15369"}],"wp:term":[{"taxonomy":"product_brand","embeddable":true,"href":"https:\/\/cipele.ba\/en\/wp-json\/wp\/v2\/product_brand?post=15369"},{"taxonomy":"product_cat","embeddable":true,"href":"https:\/\/cipele.ba\/en\/wp-json\/wp\/v2\/product_cat?post=15369"},{"taxonomy":"product_tag","embeddable":true,"href":"https:\/\/cipele.ba\/en\/wp-json\/wp\/v2\/product_tag?post=15369"}],"curies":[{"name":"wp","href":"https:\/\/api.w.org\/{rel}","templated":true}]}}