{"id":15377,"date":"2025-07-26T18:33:35","date_gmt":"2025-07-26T18:33:35","guid":{"rendered":"https:\/\/cipele.ba\/shop\/uncategorized\/new-balance-patike-408\/"},"modified":"2026-04-18T08:11:51","modified_gmt":"2026-04-18T08:11:51","slug":"new-balance-patike-408","status":"publish","type":"product","link":"https:\/\/cipele.ba\/en\/shop\/muskarci\/muske-patike\/new-balance-patike-408\/","title":{"rendered":"New Balance Patike 408"},"content":{"rendered":"","protected":false},"excerpt":{"rendered":"<p>New Balance 408 su moderne i udobne mu\u0161ke patike s klasi\u010dnim dizajnom koji se lako uklapa u svakodnevne kombinacije. Izra\u0111ene od kvalitetne ko\u017ee, nude odli\u010dnu potporu i udobnost tijekom cijelog dana.<\/p>","protected":false},"featured_media":15370,"template":"","meta":{"jetpack_post_was_ever_published":false},"product_brand":[89],"product_cat":[67],"product_tag":[],"class_list":{"0":"post-15377","1":"product","2":"type-product","3":"status-publish","4":"has-post-thumbnail","6":"product_brand-mocca_commerce","7":"product_cat-muske-patike","9":"first","10":"instock","11":"shipping-taxable","12":"product-type-external"},"jetpack-related-posts":[],"jetpack_sharing_enabled":true,"_links":{"self":[{"href":"https:\/\/cipele.ba\/en\/wp-json\/wp\/v2\/product\/15377","targetHints":{"allow":["GET"]}}],"collection":[{"href":"https:\/\/cipele.ba\/en\/wp-json\/wp\/v2\/product"}],"about":[{"href":"https:\/\/cipele.ba\/en\/wp-json\/wp\/v2\/types\/product"}],"wp:featuredmedia":[{"embeddable":true,"href":"https:\/\/cipele.ba\/en\/wp-json\/wp\/v2\/media\/15370"}],"wp:attachment":[{"href":"https:\/\/cipele.ba\/en\/wp-json\/wp\/v2\/media?parent=15377"}],"wp:term":[{"taxonomy":"product_brand","embeddable":true,"href":"https:\/\/cipele.ba\/en\/wp-json\/wp\/v2\/product_brand?post=15377"},{"taxonomy":"product_cat","embeddable":true,"href":"https:\/\/cipele.ba\/en\/wp-json\/wp\/v2\/product_cat?post=15377"},{"taxonomy":"product_tag","embeddable":true,"href":"https:\/\/cipele.ba\/en\/wp-json\/wp\/v2\/product_tag?post=15377"}],"curies":[{"name":"wp","href":"https:\/\/api.w.org\/{rel}","templated":true}]}}