{"id":15383,"date":"2025-07-26T18:33:38","date_gmt":"2025-07-26T18:33:38","guid":{"rendered":"https:\/\/cipele.ba\/shop\/uncategorized\/puma-patike-st-runner-v4-mesh-2\/"},"modified":"2026-03-11T08:42:56","modified_gmt":"2026-03-11T08:42:56","slug":"puma-patike-st-runner-v4-mesh-2","status":"publish","type":"product","link":"https:\/\/cipele.ba\/en\/shop\/muskarci\/muske-patike\/puma-patike-st-runner-v4-mesh-2\/","title":{"rendered":"Puma Patike ST Runner v4 Mesh"},"content":{"rendered":"","protected":false},"excerpt":{"rendered":"<p>Puma ST Runner v4 Mesh patike donose savr\u0161en spoj retro izgleda i savremene udobnosti. Dizajnirane su za svakodnevnu upotrebu, \u0161etnje gradom i lagane aktivnosti, te su idealne za sve koji \u017eele spojiti stil i funkcionalnost.<\/p>","protected":false},"featured_media":15381,"template":"","meta":{"jetpack_post_was_ever_published":false},"product_brand":[89],"product_cat":[67],"product_tag":[],"class_list":{"0":"post-15383","1":"product","2":"type-product","3":"status-publish","4":"has-post-thumbnail","6":"product_brand-mocca_commerce","7":"product_cat-muske-patike","9":"first","10":"instock","11":"shipping-taxable","12":"product-type-external"},"jetpack-related-posts":[],"jetpack_sharing_enabled":true,"_links":{"self":[{"href":"https:\/\/cipele.ba\/en\/wp-json\/wp\/v2\/product\/15383","targetHints":{"allow":["GET"]}}],"collection":[{"href":"https:\/\/cipele.ba\/en\/wp-json\/wp\/v2\/product"}],"about":[{"href":"https:\/\/cipele.ba\/en\/wp-json\/wp\/v2\/types\/product"}],"wp:featuredmedia":[{"embeddable":true,"href":"https:\/\/cipele.ba\/en\/wp-json\/wp\/v2\/media\/15381"}],"wp:attachment":[{"href":"https:\/\/cipele.ba\/en\/wp-json\/wp\/v2\/media?parent=15383"}],"wp:term":[{"taxonomy":"product_brand","embeddable":true,"href":"https:\/\/cipele.ba\/en\/wp-json\/wp\/v2\/product_brand?post=15383"},{"taxonomy":"product_cat","embeddable":true,"href":"https:\/\/cipele.ba\/en\/wp-json\/wp\/v2\/product_cat?post=15383"},{"taxonomy":"product_tag","embeddable":true,"href":"https:\/\/cipele.ba\/en\/wp-json\/wp\/v2\/product_tag?post=15383"}],"curies":[{"name":"wp","href":"https:\/\/api.w.org\/{rel}","templated":true}]}}