{"id":15622,"date":"2025-07-26T21:43:06","date_gmt":"2025-07-26T21:43:06","guid":{"rendered":"https:\/\/cipele.ba\/shop\/uncategorized\/reebok-patike-royal-complete\/"},"modified":"2026-04-18T22:40:51","modified_gmt":"2026-04-18T22:40:51","slug":"reebok-patike-royal-complete","status":"publish","type":"product","link":"https:\/\/cipele.ba\/en\/shop\/zene\/zenske-patike\/reebok-patike-royal-complete\/","title":{"rendered":"Reebok Patike Royal Complete"},"content":{"rendered":"<table>\n<tr>\n<th>Vrsta<\/th>\n<td>\n<p>Patike<\/p>\n<\/td>\n<\/tr>\n<tr>\n<th>Brend<\/th>\n<td>\n<p>Reebok<\/p>\n<\/td>\n<\/tr>\n<tr>\n<th>Namjena<\/th>\n<td>\n<p>Lifestyle<\/p>\n<\/td>\n<\/tr>\n<tr>\n<th>Spol<\/th>\n<td>\n<p>\u017dene<\/p>\n<\/td>\n<\/tr>\n<tr>\n<th>Odaberite veli\u010dinu<\/th>\n<td>\n<p>35, 35,5, 36, 37, 37,5, 38, 38,5, 39, 40, 40,5, 41, 42, 42,5, 44<\/p>\n<\/td>\n<\/tr>\n<tr>\n<th>Raspolo\u017eive veli\u010dine<\/th>\n<td>\n<p>38,5<\/p>\n<\/td>\n<\/tr>\n<tr>\n<th>Akcijske ponude<\/th>\n<td>\n<p>Finalni Popust<\/p>\n<\/td>\n<\/tr>\n<tr>\n<th>Uzrast<\/th>\n<td>\n<p>Odrasli, \u0160kolski (EU 35-40)<\/p>\n<\/td>\n<\/tr>\n<\/table>","protected":false},"excerpt":{"rendered":"<p>Vrsta Patike Brend Reebok Namjena Lifestyle Spol \u017dene Odaberite veli\u010dinu 35, 35,5, 36, 37, 37,5, 38, 38,5, 39, 40, 40,5, 41, 42, 42,5, 44 Raspolo\u017eive veli\u010dine 38,5 Akcijske ponude Finalni Popust Uzrast Odrasli, \u0160kolski (EU 35-40)<\/p>","protected":false},"featured_media":15620,"template":"","meta":{"jetpack_post_was_ever_published":false},"product_brand":[89],"product_cat":[63],"product_tag":[],"class_list":{"0":"post-15622","1":"product","2":"type-product","3":"status-publish","4":"has-post-thumbnail","6":"product_brand-mocca_commerce","7":"product_cat-zenske-patike","9":"first","10":"instock","11":"shipping-taxable","12":"product-type-external"},"jetpack-related-posts":[],"jetpack_sharing_enabled":true,"_links":{"self":[{"href":"https:\/\/cipele.ba\/en\/wp-json\/wp\/v2\/product\/15622","targetHints":{"allow":["GET"]}}],"collection":[{"href":"https:\/\/cipele.ba\/en\/wp-json\/wp\/v2\/product"}],"about":[{"href":"https:\/\/cipele.ba\/en\/wp-json\/wp\/v2\/types\/product"}],"wp:featuredmedia":[{"embeddable":true,"href":"https:\/\/cipele.ba\/en\/wp-json\/wp\/v2\/media\/15620"}],"wp:attachment":[{"href":"https:\/\/cipele.ba\/en\/wp-json\/wp\/v2\/media?parent=15622"}],"wp:term":[{"taxonomy":"product_brand","embeddable":true,"href":"https:\/\/cipele.ba\/en\/wp-json\/wp\/v2\/product_brand?post=15622"},{"taxonomy":"product_cat","embeddable":true,"href":"https:\/\/cipele.ba\/en\/wp-json\/wp\/v2\/product_cat?post=15622"},{"taxonomy":"product_tag","embeddable":true,"href":"https:\/\/cipele.ba\/en\/wp-json\/wp\/v2\/product_tag?post=15622"}],"curies":[{"name":"wp","href":"https:\/\/api.w.org\/{rel}","templated":true}]}}