{"id":15623,"date":"2025-07-26T21:43:06","date_gmt":"2025-07-26T21:43:06","guid":{"rendered":"https:\/\/cipele.ba\/shop\/uncategorized\/adidas-patike-grand-court-2-0-k\/"},"modified":"2026-04-14T05:57:21","modified_gmt":"2026-04-14T05:57:21","slug":"adidas-patike-grand-court-2-0-k","status":"publish","type":"product","link":"https:\/\/cipele.ba\/en\/shop\/zene\/zenske-patike\/adidas-patike-grand-court-2-0-k\/","title":{"rendered":"Adidas Patike Grand Court 2.0 K"},"content":{"rendered":"","protected":false},"excerpt":{"rendered":"<p>Pomozite svojim mali\u0161anima da slijede stopama teniskih velikana. Ove dje\u010dije adidas patike imaju elegantan izgled inspiriran dvorskim stilom 70-ih. Gumeni \u0111on se savija i prijanja za glatke i samouvjerene korake.<\/p>","protected":false},"featured_media":15621,"template":"","meta":{"jetpack_post_was_ever_published":false},"product_brand":[89],"product_cat":[63],"product_tag":[],"class_list":{"0":"post-15623","1":"product","2":"type-product","3":"status-publish","4":"has-post-thumbnail","6":"product_brand-mocca_commerce","7":"product_cat-zenske-patike","9":"first","10":"instock","11":"shipping-taxable","12":"product-type-external"},"jetpack-related-posts":[],"jetpack_sharing_enabled":true,"_links":{"self":[{"href":"https:\/\/cipele.ba\/en\/wp-json\/wp\/v2\/product\/15623","targetHints":{"allow":["GET"]}}],"collection":[{"href":"https:\/\/cipele.ba\/en\/wp-json\/wp\/v2\/product"}],"about":[{"href":"https:\/\/cipele.ba\/en\/wp-json\/wp\/v2\/types\/product"}],"wp:featuredmedia":[{"embeddable":true,"href":"https:\/\/cipele.ba\/en\/wp-json\/wp\/v2\/media\/15621"}],"wp:attachment":[{"href":"https:\/\/cipele.ba\/en\/wp-json\/wp\/v2\/media?parent=15623"}],"wp:term":[{"taxonomy":"product_brand","embeddable":true,"href":"https:\/\/cipele.ba\/en\/wp-json\/wp\/v2\/product_brand?post=15623"},{"taxonomy":"product_cat","embeddable":true,"href":"https:\/\/cipele.ba\/en\/wp-json\/wp\/v2\/product_cat?post=15623"},{"taxonomy":"product_tag","embeddable":true,"href":"https:\/\/cipele.ba\/en\/wp-json\/wp\/v2\/product_tag?post=15623"}],"curies":[{"name":"wp","href":"https:\/\/api.w.org\/{rel}","templated":true}]}}