{"id":15626,"date":"2025-07-26T21:43:07","date_gmt":"2025-07-26T21:43:07","guid":{"rendered":"https:\/\/cipele.ba\/shop\/uncategorized\/adidas-patike-grand-court-base\/"},"modified":"2026-04-21T12:15:15","modified_gmt":"2026-04-21T12:15:15","slug":"adidas-patike-grand-court-base","status":"publish","type":"product","link":"https:\/\/cipele.ba\/en\/shop\/zene\/zenske-patike\/adidas-patike-grand-court-base\/","title":{"rendered":"Adidas Patike Grand Court Base"},"content":{"rendered":"","protected":false},"excerpt":{"rendered":"<p>Dizajnirane na osnovi modela iz 70-ih godina. Izra\u0111ene su od ko\u017ee i imaju potplat koji nudi dobro prijanjanje na gradskim povr\u0161inama. Sredi\u0161nji dio \u0111ona ispunjen je mekanim pjenastim jastu\u010di\u0107ima koji pru\u017eaju udobnost tokom cijelog dana.<\/p>","protected":false},"featured_media":15624,"template":"","meta":{"jetpack_post_was_ever_published":false},"product_brand":[89],"product_cat":[63],"product_tag":[],"class_list":{"0":"post-15626","1":"product","2":"type-product","3":"status-publish","4":"has-post-thumbnail","6":"product_brand-mocca_commerce","7":"product_cat-zenske-patike","9":"first","10":"instock","11":"shipping-taxable","12":"product-type-external"},"jetpack-related-posts":[],"jetpack_sharing_enabled":true,"_links":{"self":[{"href":"https:\/\/cipele.ba\/en\/wp-json\/wp\/v2\/product\/15626","targetHints":{"allow":["GET"]}}],"collection":[{"href":"https:\/\/cipele.ba\/en\/wp-json\/wp\/v2\/product"}],"about":[{"href":"https:\/\/cipele.ba\/en\/wp-json\/wp\/v2\/types\/product"}],"wp:featuredmedia":[{"embeddable":true,"href":"https:\/\/cipele.ba\/en\/wp-json\/wp\/v2\/media\/15624"}],"wp:attachment":[{"href":"https:\/\/cipele.ba\/en\/wp-json\/wp\/v2\/media?parent=15626"}],"wp:term":[{"taxonomy":"product_brand","embeddable":true,"href":"https:\/\/cipele.ba\/en\/wp-json\/wp\/v2\/product_brand?post=15626"},{"taxonomy":"product_cat","embeddable":true,"href":"https:\/\/cipele.ba\/en\/wp-json\/wp\/v2\/product_cat?post=15626"},{"taxonomy":"product_tag","embeddable":true,"href":"https:\/\/cipele.ba\/en\/wp-json\/wp\/v2\/product_tag?post=15626"}],"curies":[{"name":"wp","href":"https:\/\/api.w.org\/{rel}","templated":true}]}}