{"id":15634,"date":"2025-07-26T21:43:10","date_gmt":"2025-07-26T21:43:10","guid":{"rendered":"https:\/\/cipele.ba\/shop\/uncategorized\/adidas-patike-tensaur-hook-and-loop\/"},"modified":"2026-04-18T16:37:24","modified_gmt":"2026-04-18T16:37:24","slug":"adidas-patike-tensaur-hook-and-loop","status":"publish","type":"product","link":"https:\/\/cipele.ba\/en\/shop\/zene\/zenske-patike\/adidas-patike-tensaur-hook-and-loop\/","title":{"rendered":"Adidas Patike Tensaur Hook And Loop"},"content":{"rendered":"<p>Vrte\u0107i se, kora\u010daju\u0107i, ska\u010du\u0107i ili sprintaju\u0107i, djeca neprestano testiraju svoje cipele.\u00a0Napravljene sa \u010dvrstim gumenim potplatom koji ne ostavlja tragove, ove adidas patike prijanjaju za tlo dok ostavljaju pod upravo onako kako su ih prona\u0161li.\u00a0A dvije trake na kop\u010de na svakoj cipeli lako se zakop\u010davaju kada su u pokretu.\u00a0Napravljen od niza recikliranih materijala, ovaj gornji dio ima najmanje 50% recikliranog sadr\u017eaja.\u00a0Ovaj proizvod predstavlja samo jedno od na\u0161ih rje\u0161enja za uklanjanje plasti\u010dnog otpada.<\/p>","protected":false},"excerpt":{"rendered":"<p>Vrte\u0107i se, kora\u010daju\u0107i, ska\u010du\u0107i ili sprintaju\u0107i, djeca neprestano testiraju svoje cipele.\u00a0Napravljene sa \u010dvrstim gumenim potplatom koji ne ostavlja tragove, ove adidas patike prijanjaju za tlo dok ostavljaju pod upravo onako kako su ih prona\u0161li.\u00a0A dvije trake na kop\u010de na svakoj cipeli lako se zakop\u010davaju kada su u pokretu.\u00a0Napravljen od niza recikliranih materijala, ovaj gornji dio [&hellip;]<\/p>","protected":false},"featured_media":15631,"template":"","meta":{"jetpack_post_was_ever_published":false},"product_brand":[89],"product_cat":[63],"product_tag":[],"class_list":{"0":"post-15634","1":"product","2":"type-product","3":"status-publish","4":"has-post-thumbnail","6":"product_brand-mocca_commerce","7":"product_cat-zenske-patike","9":"first","10":"instock","11":"shipping-taxable","12":"product-type-external"},"jetpack-related-posts":[],"jetpack_sharing_enabled":true,"_links":{"self":[{"href":"https:\/\/cipele.ba\/en\/wp-json\/wp\/v2\/product\/15634","targetHints":{"allow":["GET"]}}],"collection":[{"href":"https:\/\/cipele.ba\/en\/wp-json\/wp\/v2\/product"}],"about":[{"href":"https:\/\/cipele.ba\/en\/wp-json\/wp\/v2\/types\/product"}],"wp:featuredmedia":[{"embeddable":true,"href":"https:\/\/cipele.ba\/en\/wp-json\/wp\/v2\/media\/15631"}],"wp:attachment":[{"href":"https:\/\/cipele.ba\/en\/wp-json\/wp\/v2\/media?parent=15634"}],"wp:term":[{"taxonomy":"product_brand","embeddable":true,"href":"https:\/\/cipele.ba\/en\/wp-json\/wp\/v2\/product_brand?post=15634"},{"taxonomy":"product_cat","embeddable":true,"href":"https:\/\/cipele.ba\/en\/wp-json\/wp\/v2\/product_cat?post=15634"},{"taxonomy":"product_tag","embeddable":true,"href":"https:\/\/cipele.ba\/en\/wp-json\/wp\/v2\/product_tag?post=15634"}],"curies":[{"name":"wp","href":"https:\/\/api.w.org\/{rel}","templated":true}]}}