{"id":15640,"date":"2025-07-26T21:43:13","date_gmt":"2025-07-26T21:43:13","guid":{"rendered":"https:\/\/cipele.ba\/shop\/uncategorized\/adidas-patike-vs-switch-3-k\/"},"modified":"2026-04-09T07:36:37","modified_gmt":"2026-04-09T07:36:37","slug":"adidas-patike-vs-switch-3-k","status":"publish","type":"product","link":"https:\/\/cipele.ba\/en\/shop\/zene\/zenske-patike\/adidas-patike-vs-switch-3-k\/","title":{"rendered":"Adidas Patike VS Switch 3 K"},"content":{"rendered":"<p>Neuredna igra, blatnjavi sportovi i zimske \u0161etnje do \u0161kole. Ove dje\u010dije adidas patike izra\u0111ene su od izdr\u017eljivog sinteti\u010dkog gornjeg dijela koji izdr\u017eava sve nezaboravne trenutke. Imaju izgled klasi\u010dnih tenisica za tr\u010danje na pertlanje, dopunjene nekim svje\u017eim detaljima dizajna.<\/p>","protected":false},"excerpt":{"rendered":"<p>Neuredna igra, blatnjavi sportovi i zimske \u0161etnje do \u0161kole. Ove dje\u010dije adidas patike izra\u0111ene su od izdr\u017eljivog sinteti\u010dkog gornjeg dijela koji izdr\u017eava sve nezaboravne trenutke. Imaju izgled klasi\u010dnih tenisica za tr\u010danje na pertlanje, dopunjene nekim svje\u017eim detaljima dizajna.<\/p>","protected":false},"featured_media":15638,"template":"","meta":{"jetpack_post_was_ever_published":false},"product_brand":[89],"product_cat":[63],"product_tag":[],"class_list":{"0":"post-15640","1":"product","2":"type-product","3":"status-publish","4":"has-post-thumbnail","6":"product_brand-mocca_commerce","7":"product_cat-zenske-patike","9":"first","10":"instock","11":"shipping-taxable","12":"product-type-external"},"jetpack-related-posts":[],"jetpack_sharing_enabled":true,"_links":{"self":[{"href":"https:\/\/cipele.ba\/en\/wp-json\/wp\/v2\/product\/15640","targetHints":{"allow":["GET"]}}],"collection":[{"href":"https:\/\/cipele.ba\/en\/wp-json\/wp\/v2\/product"}],"about":[{"href":"https:\/\/cipele.ba\/en\/wp-json\/wp\/v2\/types\/product"}],"wp:featuredmedia":[{"embeddable":true,"href":"https:\/\/cipele.ba\/en\/wp-json\/wp\/v2\/media\/15638"}],"wp:attachment":[{"href":"https:\/\/cipele.ba\/en\/wp-json\/wp\/v2\/media?parent=15640"}],"wp:term":[{"taxonomy":"product_brand","embeddable":true,"href":"https:\/\/cipele.ba\/en\/wp-json\/wp\/v2\/product_brand?post=15640"},{"taxonomy":"product_cat","embeddable":true,"href":"https:\/\/cipele.ba\/en\/wp-json\/wp\/v2\/product_cat?post=15640"},{"taxonomy":"product_tag","embeddable":true,"href":"https:\/\/cipele.ba\/en\/wp-json\/wp\/v2\/product_tag?post=15640"}],"curies":[{"name":"wp","href":"https:\/\/api.w.org\/{rel}","templated":true}]}}