{"id":15642,"date":"2025-07-26T21:43:15","date_gmt":"2025-07-26T21:43:15","guid":{"rendered":"https:\/\/cipele.ba\/shop\/uncategorized\/adidas-patike-court-platform\/"},"modified":"2026-04-12T22:56:52","modified_gmt":"2026-04-12T22:56:52","slug":"adidas-patike-court-platform","status":"publish","type":"product","link":"https:\/\/cipele.ba\/en\/shop\/zene\/zenske-patike\/adidas-patike-court-platform\/","title":{"rendered":"Adidas Patike Court Platform"},"content":{"rendered":"","protected":false},"excerpt":{"rendered":"<p>Ove adidas patike imaju elegantan sinteti\u010dki gornji dio i 3-trake sa suptilnim sjajem.<br \/>\nPlatforma potplat im daje moderan i urban izgled.<br \/>\nSpojite va\u0161 par ovih tenisica s bilo \u010dim od uske trenirke do polu-duga\u010dke haljine koja isti\u010de va\u0161u liniju.<\/p>","protected":false},"featured_media":15641,"template":"","meta":{"jetpack_post_was_ever_published":false},"product_brand":[89],"product_cat":[63],"product_tag":[],"class_list":{"0":"post-15642","1":"product","2":"type-product","3":"status-publish","4":"has-post-thumbnail","6":"product_brand-mocca_commerce","7":"product_cat-zenske-patike","9":"first","10":"instock","11":"shipping-taxable","12":"product-type-external"},"jetpack-related-posts":[],"jetpack_sharing_enabled":true,"_links":{"self":[{"href":"https:\/\/cipele.ba\/en\/wp-json\/wp\/v2\/product\/15642","targetHints":{"allow":["GET"]}}],"collection":[{"href":"https:\/\/cipele.ba\/en\/wp-json\/wp\/v2\/product"}],"about":[{"href":"https:\/\/cipele.ba\/en\/wp-json\/wp\/v2\/types\/product"}],"wp:featuredmedia":[{"embeddable":true,"href":"https:\/\/cipele.ba\/en\/wp-json\/wp\/v2\/media\/15641"}],"wp:attachment":[{"href":"https:\/\/cipele.ba\/en\/wp-json\/wp\/v2\/media?parent=15642"}],"wp:term":[{"taxonomy":"product_brand","embeddable":true,"href":"https:\/\/cipele.ba\/en\/wp-json\/wp\/v2\/product_brand?post=15642"},{"taxonomy":"product_cat","embeddable":true,"href":"https:\/\/cipele.ba\/en\/wp-json\/wp\/v2\/product_cat?post=15642"},{"taxonomy":"product_tag","embeddable":true,"href":"https:\/\/cipele.ba\/en\/wp-json\/wp\/v2\/product_tag?post=15642"}],"curies":[{"name":"wp","href":"https:\/\/api.w.org\/{rel}","templated":true}]}}