{"id":15653,"date":"2025-07-26T21:43:21","date_gmt":"2025-07-26T21:43:21","guid":{"rendered":"https:\/\/cipele.ba\/shop\/uncategorized\/adidas-patike-runfalcon-5-0-running\/"},"modified":"2026-04-10T05:40:53","modified_gmt":"2026-04-10T05:40:53","slug":"adidas-patike-runfalcon-5-0-running","status":"publish","type":"product","link":"https:\/\/cipele.ba\/en\/shop\/zene\/zenske-patike\/adidas-patike-runfalcon-5-0-running\/","title":{"rendered":"Adidas Patike Runfalcon 5.0 Running"},"content":{"rendered":"","protected":false},"excerpt":{"rendered":"<p>Ove patike su savr\u0161ene za tr\u010danje, ali i za svakodnevno no\u0161enje, pru\u017eaju\u0107i kombinaciju stila, funkcionalnosti i udobnosti. Bez obzira tr\u010dite li na stazi ili hodate po gradu, adidas tenisice \u0107e vas pratiti na svakom koraku.<\/p>","protected":false},"featured_media":15651,"template":"","meta":{"jetpack_post_was_ever_published":false},"product_brand":[89],"product_cat":[63],"product_tag":[],"class_list":{"0":"post-15653","1":"product","2":"type-product","3":"status-publish","4":"has-post-thumbnail","6":"product_brand-mocca_commerce","7":"product_cat-zenske-patike","9":"first","10":"instock","11":"shipping-taxable","12":"product-type-external"},"jetpack-related-posts":[],"jetpack_sharing_enabled":true,"_links":{"self":[{"href":"https:\/\/cipele.ba\/en\/wp-json\/wp\/v2\/product\/15653","targetHints":{"allow":["GET"]}}],"collection":[{"href":"https:\/\/cipele.ba\/en\/wp-json\/wp\/v2\/product"}],"about":[{"href":"https:\/\/cipele.ba\/en\/wp-json\/wp\/v2\/types\/product"}],"wp:featuredmedia":[{"embeddable":true,"href":"https:\/\/cipele.ba\/en\/wp-json\/wp\/v2\/media\/15651"}],"wp:attachment":[{"href":"https:\/\/cipele.ba\/en\/wp-json\/wp\/v2\/media?parent=15653"}],"wp:term":[{"taxonomy":"product_brand","embeddable":true,"href":"https:\/\/cipele.ba\/en\/wp-json\/wp\/v2\/product_brand?post=15653"},{"taxonomy":"product_cat","embeddable":true,"href":"https:\/\/cipele.ba\/en\/wp-json\/wp\/v2\/product_cat?post=15653"},{"taxonomy":"product_tag","embeddable":true,"href":"https:\/\/cipele.ba\/en\/wp-json\/wp\/v2\/product_tag?post=15653"}],"curies":[{"name":"wp","href":"https:\/\/api.w.org\/{rel}","templated":true}]}}