{"id":15659,"date":"2025-07-26T21:43:24","date_gmt":"2025-07-26T21:43:24","guid":{"rendered":"https:\/\/cipele.ba\/shop\/uncategorized\/adidas-patike-courtblock\/"},"modified":"2026-04-10T06:42:54","modified_gmt":"2026-04-10T06:42:54","slug":"adidas-patike-courtblock","status":"publish","type":"product","link":"https:\/\/cipele.ba\/en\/shop\/zene\/zenske-patike\/adidas-patike-courtblock\/","title":{"rendered":"Adidas Patike Courtblock"},"content":{"rendered":"<p>Kada trebate pobolj\u0161ati svoj stil igre bez kompromisa po pitanju udobnosti, ve\u017eite ove adidas Courtblock cipele. Njihov moderan, minimalisti\u010dki dizajn sadr\u017ei bogate presvlake od sinteti\u010dke ko\u017ee i tradicionalni gumeni \u0111on, odli\u010dan za svestranu izdr\u017eljivost.<\/p>","protected":false},"excerpt":{"rendered":"<p>Kada trebate pobolj\u0161ati svoj stil igre bez kompromisa po pitanju udobnosti, ve\u017eite ove adidas Courtblock cipele. Njihov moderan, minimalisti\u010dki dizajn sadr\u017ei bogate presvlake od sinteti\u010dke ko\u017ee i tradicionalni gumeni \u0111on, odli\u010dan za svestranu izdr\u017eljivost.<\/p>","protected":false},"featured_media":15656,"template":"","meta":{"jetpack_post_was_ever_published":false},"product_brand":[89],"product_cat":[63],"product_tag":[],"class_list":{"0":"post-15659","1":"product","2":"type-product","3":"status-publish","4":"has-post-thumbnail","6":"product_brand-mocca_commerce","7":"product_cat-zenske-patike","9":"first","10":"instock","11":"shipping-taxable","12":"product-type-external"},"jetpack-related-posts":[],"jetpack_sharing_enabled":true,"_links":{"self":[{"href":"https:\/\/cipele.ba\/en\/wp-json\/wp\/v2\/product\/15659","targetHints":{"allow":["GET"]}}],"collection":[{"href":"https:\/\/cipele.ba\/en\/wp-json\/wp\/v2\/product"}],"about":[{"href":"https:\/\/cipele.ba\/en\/wp-json\/wp\/v2\/types\/product"}],"wp:featuredmedia":[{"embeddable":true,"href":"https:\/\/cipele.ba\/en\/wp-json\/wp\/v2\/media\/15656"}],"wp:attachment":[{"href":"https:\/\/cipele.ba\/en\/wp-json\/wp\/v2\/media?parent=15659"}],"wp:term":[{"taxonomy":"product_brand","embeddable":true,"href":"https:\/\/cipele.ba\/en\/wp-json\/wp\/v2\/product_brand?post=15659"},{"taxonomy":"product_cat","embeddable":true,"href":"https:\/\/cipele.ba\/en\/wp-json\/wp\/v2\/product_cat?post=15659"},{"taxonomy":"product_tag","embeddable":true,"href":"https:\/\/cipele.ba\/en\/wp-json\/wp\/v2\/product_tag?post=15659"}],"curies":[{"name":"wp","href":"https:\/\/api.w.org\/{rel}","templated":true}]}}