{"id":15664,"date":"2025-07-26T21:43:27","date_gmt":"2025-07-26T21:43:27","guid":{"rendered":"https:\/\/cipele.ba\/shop\/uncategorized\/adidas-patike-hoops-4-0\/"},"modified":"2026-04-09T01:31:20","modified_gmt":"2026-04-09T01:31:20","slug":"adidas-patike-hoops-4-0","status":"publish","type":"product","link":"https:\/\/cipele.ba\/en\/shop\/zene\/zenske-patike\/adidas-patike-hoops-4-0\/","title":{"rendered":"Adidas Patike Hoops 4.0"},"content":{"rendered":"","protected":false},"excerpt":{"rendered":"<p>Patike Adidas Hoops 4.0 inspirisane legendarnim ko\u0161arka\u0161kim dizajnom, idealne za dinami\u010dan svakodnevni \u017eivot, ove patike nude savr\u0161enu ravnote\u017eu izme\u0111u stila, udobnosti i prakti\u010dnosti.<\/p>","protected":false},"featured_media":15661,"template":"","meta":{"jetpack_post_was_ever_published":false},"product_brand":[89],"product_cat":[63],"product_tag":[],"class_list":{"0":"post-15664","1":"product","2":"type-product","3":"status-publish","4":"has-post-thumbnail","6":"product_brand-mocca_commerce","7":"product_cat-zenske-patike","9":"first","10":"instock","11":"shipping-taxable","12":"product-type-external"},"jetpack-related-posts":[],"jetpack_sharing_enabled":true,"_links":{"self":[{"href":"https:\/\/cipele.ba\/en\/wp-json\/wp\/v2\/product\/15664","targetHints":{"allow":["GET"]}}],"collection":[{"href":"https:\/\/cipele.ba\/en\/wp-json\/wp\/v2\/product"}],"about":[{"href":"https:\/\/cipele.ba\/en\/wp-json\/wp\/v2\/types\/product"}],"wp:featuredmedia":[{"embeddable":true,"href":"https:\/\/cipele.ba\/en\/wp-json\/wp\/v2\/media\/15661"}],"wp:attachment":[{"href":"https:\/\/cipele.ba\/en\/wp-json\/wp\/v2\/media?parent=15664"}],"wp:term":[{"taxonomy":"product_brand","embeddable":true,"href":"https:\/\/cipele.ba\/en\/wp-json\/wp\/v2\/product_brand?post=15664"},{"taxonomy":"product_cat","embeddable":true,"href":"https:\/\/cipele.ba\/en\/wp-json\/wp\/v2\/product_cat?post=15664"},{"taxonomy":"product_tag","embeddable":true,"href":"https:\/\/cipele.ba\/en\/wp-json\/wp\/v2\/product_tag?post=15664"}],"curies":[{"name":"wp","href":"https:\/\/api.w.org\/{rel}","templated":true}]}}