{"id":15665,"date":"2025-07-26T21:43:27","date_gmt":"2025-07-26T21:43:27","guid":{"rendered":"https:\/\/cipele.ba\/shop\/uncategorized\/adidas-patike-breaknet-sleek-shoes\/"},"modified":"2026-04-14T07:33:18","modified_gmt":"2026-04-14T07:33:18","slug":"adidas-patike-breaknet-sleek-shoes","status":"publish","type":"product","link":"https:\/\/cipele.ba\/en\/shop\/zene\/zenske-patike\/adidas-patike-breaknet-sleek-shoes\/","title":{"rendered":"Adidas Patike Breaknet Sleek Shoes"},"content":{"rendered":"","protected":false},"excerpt":{"rendered":"<p>Unaprijedi svoj klasi\u010dan izgled sa ovim Adidas patikama koje kombinuju eleganciju i funkcionalnost. Elegantne i prozra\u010dne, savr\u0161eno se uklapaju u tvoj dan, od jutarnje \u0161etnje do ve\u010dere u gradu.<\/p>","protected":false},"featured_media":15662,"template":"","meta":{"jetpack_post_was_ever_published":false},"product_brand":[89],"product_cat":[63],"product_tag":[],"class_list":{"0":"post-15665","1":"product","2":"type-product","3":"status-publish","4":"has-post-thumbnail","6":"product_brand-mocca_commerce","7":"product_cat-zenske-patike","9":"first","10":"instock","11":"shipping-taxable","12":"product-type-external"},"jetpack-related-posts":[],"jetpack_sharing_enabled":true,"_links":{"self":[{"href":"https:\/\/cipele.ba\/en\/wp-json\/wp\/v2\/product\/15665","targetHints":{"allow":["GET"]}}],"collection":[{"href":"https:\/\/cipele.ba\/en\/wp-json\/wp\/v2\/product"}],"about":[{"href":"https:\/\/cipele.ba\/en\/wp-json\/wp\/v2\/types\/product"}],"wp:featuredmedia":[{"embeddable":true,"href":"https:\/\/cipele.ba\/en\/wp-json\/wp\/v2\/media\/15662"}],"wp:attachment":[{"href":"https:\/\/cipele.ba\/en\/wp-json\/wp\/v2\/media?parent=15665"}],"wp:term":[{"taxonomy":"product_brand","embeddable":true,"href":"https:\/\/cipele.ba\/en\/wp-json\/wp\/v2\/product_brand?post=15665"},{"taxonomy":"product_cat","embeddable":true,"href":"https:\/\/cipele.ba\/en\/wp-json\/wp\/v2\/product_cat?post=15665"},{"taxonomy":"product_tag","embeddable":true,"href":"https:\/\/cipele.ba\/en\/wp-json\/wp\/v2\/product_tag?post=15665"}],"curies":[{"name":"wp","href":"https:\/\/api.w.org\/{rel}","templated":true}]}}