{"id":15672,"date":"2025-07-26T21:43:31","date_gmt":"2025-07-26T21:43:31","guid":{"rendered":"https:\/\/cipele.ba\/shop\/uncategorized\/adidas-patike-courtflash-w\/"},"modified":"2026-04-13T06:43:13","modified_gmt":"2026-04-13T06:43:13","slug":"adidas-patike-courtflash-w","status":"publish","type":"product","link":"https:\/\/cipele.ba\/en\/shop\/zene\/zenske-patike\/adidas-patike-courtflash-w\/","title":{"rendered":"Adidas Patike Courtflash W"},"content":{"rendered":"","protected":false},"excerpt":{"rendered":"<p>Dobrodo\u0161li u Adidas Courtflash porodicu. CourtFlash pru\u017ea \u010dvrstu podlogu na svim povr\u0161inama, dok ostaje lagan i udoban sa EVA amortizacijom me\u0111u\u0111ona.<\/p>","protected":false},"featured_media":15669,"template":"","meta":{"jetpack_post_was_ever_published":false},"product_brand":[89],"product_cat":[63],"product_tag":[],"class_list":{"0":"post-15672","1":"product","2":"type-product","3":"status-publish","4":"has-post-thumbnail","6":"product_brand-mocca_commerce","7":"product_cat-zenske-patike","9":"first","10":"instock","11":"shipping-taxable","12":"product-type-external"},"jetpack-related-posts":[],"jetpack_sharing_enabled":true,"_links":{"self":[{"href":"https:\/\/cipele.ba\/en\/wp-json\/wp\/v2\/product\/15672","targetHints":{"allow":["GET"]}}],"collection":[{"href":"https:\/\/cipele.ba\/en\/wp-json\/wp\/v2\/product"}],"about":[{"href":"https:\/\/cipele.ba\/en\/wp-json\/wp\/v2\/types\/product"}],"wp:featuredmedia":[{"embeddable":true,"href":"https:\/\/cipele.ba\/en\/wp-json\/wp\/v2\/media\/15669"}],"wp:attachment":[{"href":"https:\/\/cipele.ba\/en\/wp-json\/wp\/v2\/media?parent=15672"}],"wp:term":[{"taxonomy":"product_brand","embeddable":true,"href":"https:\/\/cipele.ba\/en\/wp-json\/wp\/v2\/product_brand?post=15672"},{"taxonomy":"product_cat","embeddable":true,"href":"https:\/\/cipele.ba\/en\/wp-json\/wp\/v2\/product_cat?post=15672"},{"taxonomy":"product_tag","embeddable":true,"href":"https:\/\/cipele.ba\/en\/wp-json\/wp\/v2\/product_tag?post=15672"}],"curies":[{"name":"wp","href":"https:\/\/api.w.org\/{rel}","templated":true}]}}