{"id":15675,"date":"2025-07-26T21:43:33","date_gmt":"2025-07-26T21:43:33","guid":{"rendered":"https:\/\/cipele.ba\/shop\/uncategorized\/adidas-patike-court-base-2-0\/"},"modified":"2026-04-11T02:55:03","modified_gmt":"2026-04-11T02:55:03","slug":"adidas-patike-court-base-2-0","status":"publish","type":"product","link":"https:\/\/cipele.ba\/en\/shop\/zene\/zenske-patike\/adidas-patike-court-base-2-0\/","title":{"rendered":"Adidas Patike Court Base 2.0"},"content":{"rendered":"<p>Patike Grand Court Base 2.0 koje uskla\u0111uju sve va\u0161e casual outfite bilo da idete u grad ili u malu kupovinu. Tekstilna podstava i gumeni potplat pru\u017eaju cjelodnevnu udobnost, bilo da upadate u svoju omiljenu radnju ili na brzu kafu s prijateljima. Par patika koje \u0107e slu\u017eiti kao odli\u010dan dodatak va\u0161em stilu.<\/p>","protected":false},"excerpt":{"rendered":"<p>Patike Grand Court Base 2.0 koje uskla\u0111uju sve va\u0161e casual outfite bilo da idete u grad ili u malu kupovinu. Tekstilna podstava i gumeni potplat pru\u017eaju cjelodnevnu udobnost, bilo da upadate u svoju omiljenu radnju ili na brzu kafu s prijateljima. Par patika koje \u0107e slu\u017eiti kao odli\u010dan dodatak va\u0161em stilu.<\/p>","protected":false},"featured_media":15674,"template":"","meta":{"jetpack_post_was_ever_published":false},"product_brand":[89],"product_cat":[63],"product_tag":[],"class_list":{"0":"post-15675","1":"product","2":"type-product","3":"status-publish","4":"has-post-thumbnail","6":"product_brand-mocca_commerce","7":"product_cat-zenske-patike","9":"first","10":"instock","11":"shipping-taxable","12":"product-type-external"},"jetpack-related-posts":[],"jetpack_sharing_enabled":true,"_links":{"self":[{"href":"https:\/\/cipele.ba\/en\/wp-json\/wp\/v2\/product\/15675","targetHints":{"allow":["GET"]}}],"collection":[{"href":"https:\/\/cipele.ba\/en\/wp-json\/wp\/v2\/product"}],"about":[{"href":"https:\/\/cipele.ba\/en\/wp-json\/wp\/v2\/types\/product"}],"wp:featuredmedia":[{"embeddable":true,"href":"https:\/\/cipele.ba\/en\/wp-json\/wp\/v2\/media\/15674"}],"wp:attachment":[{"href":"https:\/\/cipele.ba\/en\/wp-json\/wp\/v2\/media?parent=15675"}],"wp:term":[{"taxonomy":"product_brand","embeddable":true,"href":"https:\/\/cipele.ba\/en\/wp-json\/wp\/v2\/product_brand?post=15675"},{"taxonomy":"product_cat","embeddable":true,"href":"https:\/\/cipele.ba\/en\/wp-json\/wp\/v2\/product_cat?post=15675"},{"taxonomy":"product_tag","embeddable":true,"href":"https:\/\/cipele.ba\/en\/wp-json\/wp\/v2\/product_tag?post=15675"}],"curies":[{"name":"wp","href":"https:\/\/api.w.org\/{rel}","templated":true}]}}