{"id":15758,"date":"2025-07-26T21:53:17","date_gmt":"2025-07-26T21:53:17","guid":{"rendered":"https:\/\/cipele.ba\/shop\/uncategorized\/skechers-patike-uno-stand-on-air-w\/"},"modified":"2026-04-14T07:18:39","modified_gmt":"2026-04-14T07:18:39","slug":"skechers-patike-uno-stand-on-air-w","status":"publish","type":"product","link":"https:\/\/cipele.ba\/en\/shop\/zene\/zenske-patike\/skechers-patike-uno-stand-on-air-w\/","title":{"rendered":"Skechers Patike Uno Stand On Air W"},"content":{"rendered":"<p>Gornji dio patika napravljen je od sinteti\u010dke ko\u017ee \u0161to ove patike \u010dini vrlo izdr\u017eljivim i otpornim na razli\u010dite vremenske uslove.<br \/>\n\u0110on je izra\u0111en od gume \u0161to omogu\u0107ava dobro prijanjanje na svim podlogama, dok vazdu\u0161na jedinica na peti doprinosi udobnosti pri svakom novom koraku.<\/p>","protected":false},"excerpt":{"rendered":"<p>Gornji dio patika napravljen je od sinteti\u010dke ko\u017ee \u0161to ove patike \u010dini vrlo izdr\u017eljivim i otpornim na razli\u010dite vremenske uslove. \u0110on je izra\u0111en od gume \u0161to omogu\u0107ava dobro prijanjanje na svim podlogama, dok vazdu\u0161na jedinica na peti doprinosi udobnosti pri svakom novom koraku.<\/p>","protected":false},"featured_media":15754,"template":"","meta":{"jetpack_post_was_ever_published":false},"product_brand":[89],"product_cat":[63],"product_tag":[],"class_list":{"0":"post-15758","1":"product","2":"type-product","3":"status-publish","4":"has-post-thumbnail","6":"product_brand-mocca_commerce","7":"product_cat-zenske-patike","9":"first","10":"instock","11":"shipping-taxable","12":"product-type-external"},"jetpack-related-posts":[],"jetpack_sharing_enabled":true,"_links":{"self":[{"href":"https:\/\/cipele.ba\/en\/wp-json\/wp\/v2\/product\/15758","targetHints":{"allow":["GET"]}}],"collection":[{"href":"https:\/\/cipele.ba\/en\/wp-json\/wp\/v2\/product"}],"about":[{"href":"https:\/\/cipele.ba\/en\/wp-json\/wp\/v2\/types\/product"}],"wp:featuredmedia":[{"embeddable":true,"href":"https:\/\/cipele.ba\/en\/wp-json\/wp\/v2\/media\/15754"}],"wp:attachment":[{"href":"https:\/\/cipele.ba\/en\/wp-json\/wp\/v2\/media?parent=15758"}],"wp:term":[{"taxonomy":"product_brand","embeddable":true,"href":"https:\/\/cipele.ba\/en\/wp-json\/wp\/v2\/product_brand?post=15758"},{"taxonomy":"product_cat","embeddable":true,"href":"https:\/\/cipele.ba\/en\/wp-json\/wp\/v2\/product_cat?post=15758"},{"taxonomy":"product_tag","embeddable":true,"href":"https:\/\/cipele.ba\/en\/wp-json\/wp\/v2\/product_tag?post=15758"}],"curies":[{"name":"wp","href":"https:\/\/api.w.org\/{rel}","templated":true}]}}