{"id":15775,"date":"2025-07-26T21:53:20","date_gmt":"2025-07-26T21:53:20","guid":{"rendered":"https:\/\/cipele.ba\/shop\/uncategorized\/skechers-patike-go-walk-flex-2\/"},"modified":"2026-04-18T22:39:18","modified_gmt":"2026-04-18T22:39:18","slug":"skechers-patike-go-walk-flex-2","status":"publish","type":"product","link":"https:\/\/cipele.ba\/en\/shop\/zene\/zenske-patike\/skechers-patike-go-walk-flex-2\/","title":{"rendered":"Skechers Patike Go Walk Flex"},"content":{"rendered":"","protected":false},"excerpt":{"rendered":"<p>Skechers Hands Free Slip-ins\u00ae: GO WALK Flex\u2122 &#8211; Grand Entry pru\u017eaju savr\u0161enu kombinaciju udobnosti, stila i prakti\u010dnosti, sa inovativnim dizajnom bez vezica i vrhunskom ULTRA GO\u00ae amortizacijom za svaki korak.<\/p>","protected":false},"featured_media":15768,"template":"","meta":{"jetpack_post_was_ever_published":false},"product_brand":[89],"product_cat":[63],"product_tag":[],"class_list":{"0":"post-15775","1":"product","2":"type-product","3":"status-publish","4":"has-post-thumbnail","6":"product_brand-mocca_commerce","7":"product_cat-zenske-patike","9":"first","10":"instock","11":"shipping-taxable","12":"product-type-external"},"jetpack-related-posts":[],"jetpack_sharing_enabled":true,"_links":{"self":[{"href":"https:\/\/cipele.ba\/en\/wp-json\/wp\/v2\/product\/15775","targetHints":{"allow":["GET"]}}],"collection":[{"href":"https:\/\/cipele.ba\/en\/wp-json\/wp\/v2\/product"}],"about":[{"href":"https:\/\/cipele.ba\/en\/wp-json\/wp\/v2\/types\/product"}],"wp:featuredmedia":[{"embeddable":true,"href":"https:\/\/cipele.ba\/en\/wp-json\/wp\/v2\/media\/15768"}],"wp:attachment":[{"href":"https:\/\/cipele.ba\/en\/wp-json\/wp\/v2\/media?parent=15775"}],"wp:term":[{"taxonomy":"product_brand","embeddable":true,"href":"https:\/\/cipele.ba\/en\/wp-json\/wp\/v2\/product_brand?post=15775"},{"taxonomy":"product_cat","embeddable":true,"href":"https:\/\/cipele.ba\/en\/wp-json\/wp\/v2\/product_cat?post=15775"},{"taxonomy":"product_tag","embeddable":true,"href":"https:\/\/cipele.ba\/en\/wp-json\/wp\/v2\/product_tag?post=15775"}],"curies":[{"name":"wp","href":"https:\/\/api.w.org\/{rel}","templated":true}]}}