{"id":15801,"date":"2025-07-26T21:53:30","date_gmt":"2025-07-26T21:53:30","guid":{"rendered":"https:\/\/cipele.ba\/shop\/uncategorized\/puma-patike-cassia\/"},"modified":"2026-04-06T18:56:04","modified_gmt":"2026-04-06T18:56:04","slug":"puma-patike-cassia","status":"publish","type":"product","link":"https:\/\/cipele.ba\/en\/shop\/zene\/zenske-patike\/puma-patike-cassia\/","title":{"rendered":"Puma Patike Cassia"},"content":{"rendered":"<p>Ispunite sva svoja o\u010dekivanja uz nove Pumine modele profinjenog dizajna i nevjerovatne udobnosti i zablistajte i ovog prolje\u0107a. Na\u0161a Cassia odijeva progresivnu i \u017eenstvenu siluetu koja odi\u0161e savremenom modom.\u00a0 Razbijte kalup prvim modelom iz ove serije i u\u017eivajte u udobnosti trenutnog koraka, ali i cijelog dana.<\/p>","protected":false},"excerpt":{"rendered":"<p>Ispunite sva svoja o\u010dekivanja uz nove Pumine modele profinjenog dizajna i nevjerovatne udobnosti i zablistajte i ovog prolje\u0107a. Na\u0161a Cassia odijeva progresivnu i \u017eenstvenu siluetu koja odi\u0161e savremenom modom.\u00a0 Razbijte kalup prvim modelom iz ove serije i u\u017eivajte u udobnosti trenutnog koraka, ali i cijelog dana.<\/p>","protected":false},"featured_media":15798,"template":"","meta":{"jetpack_post_was_ever_published":false},"product_brand":[89],"product_cat":[63],"product_tag":[],"class_list":{"0":"post-15801","1":"product","2":"type-product","3":"status-publish","4":"has-post-thumbnail","6":"product_brand-mocca_commerce","7":"product_cat-zenske-patike","9":"first","10":"instock","11":"shipping-taxable","12":"product-type-external"},"jetpack-related-posts":[],"jetpack_sharing_enabled":true,"_links":{"self":[{"href":"https:\/\/cipele.ba\/en\/wp-json\/wp\/v2\/product\/15801","targetHints":{"allow":["GET"]}}],"collection":[{"href":"https:\/\/cipele.ba\/en\/wp-json\/wp\/v2\/product"}],"about":[{"href":"https:\/\/cipele.ba\/en\/wp-json\/wp\/v2\/types\/product"}],"wp:featuredmedia":[{"embeddable":true,"href":"https:\/\/cipele.ba\/en\/wp-json\/wp\/v2\/media\/15798"}],"wp:attachment":[{"href":"https:\/\/cipele.ba\/en\/wp-json\/wp\/v2\/media?parent=15801"}],"wp:term":[{"taxonomy":"product_brand","embeddable":true,"href":"https:\/\/cipele.ba\/en\/wp-json\/wp\/v2\/product_brand?post=15801"},{"taxonomy":"product_cat","embeddable":true,"href":"https:\/\/cipele.ba\/en\/wp-json\/wp\/v2\/product_cat?post=15801"},{"taxonomy":"product_tag","embeddable":true,"href":"https:\/\/cipele.ba\/en\/wp-json\/wp\/v2\/product_tag?post=15801"}],"curies":[{"name":"wp","href":"https:\/\/api.w.org\/{rel}","templated":true}]}}