{"id":15807,"date":"2025-07-26T21:53:37","date_gmt":"2025-07-26T21:53:37","guid":{"rendered":"https:\/\/cipele.ba\/shop\/uncategorized\/adidas-patike-eclyptix-2000-3\/"},"modified":"2026-04-12T22:57:00","modified_gmt":"2026-04-12T22:57:00","slug":"adidas-patike-eclyptix-2000-3","status":"publish","type":"product","link":"https:\/\/cipele.ba\/en\/shop\/zene\/zenske-patike\/adidas-patike-eclyptix-2000-3\/","title":{"rendered":"Adidas Patike Eclyptix 2000"},"content":{"rendered":"<p>\u200bAdidas Eclyptix 2000 su \u017eenske sportske patike koje kombinuju moderan dizajn i udobnost, idealne za svakodnevne aktivnosti i lagane treninge. Idealne su za svakodnevne aktivnosti, \u0161etnje ili lagane treninge, pru\u017eaju\u0107i dobar balans izme\u0111u stila i udobnosti.<br \/>\n\u00a0<\/p>","protected":false},"excerpt":{"rendered":"<p>\u200bAdidas Eclyptix 2000 su \u017eenske sportske patike koje kombinuju moderan dizajn i udobnost, idealne za svakodnevne aktivnosti i lagane treninge. Idealne su za svakodnevne aktivnosti, \u0161etnje ili lagane treninge, pru\u017eaju\u0107i dobar balans izme\u0111u stila i udobnosti. \u00a0<\/p>","protected":false},"featured_media":15805,"template":"","meta":{"jetpack_post_was_ever_published":false},"product_brand":[89],"product_cat":[63],"product_tag":[],"class_list":{"0":"post-15807","1":"product","2":"type-product","3":"status-publish","4":"has-post-thumbnail","6":"product_brand-mocca_commerce","7":"product_cat-zenske-patike","9":"first","10":"instock","11":"shipping-taxable","12":"product-type-external"},"jetpack-related-posts":[],"jetpack_sharing_enabled":true,"_links":{"self":[{"href":"https:\/\/cipele.ba\/en\/wp-json\/wp\/v2\/product\/15807","targetHints":{"allow":["GET"]}}],"collection":[{"href":"https:\/\/cipele.ba\/en\/wp-json\/wp\/v2\/product"}],"about":[{"href":"https:\/\/cipele.ba\/en\/wp-json\/wp\/v2\/types\/product"}],"wp:featuredmedia":[{"embeddable":true,"href":"https:\/\/cipele.ba\/en\/wp-json\/wp\/v2\/media\/15805"}],"wp:attachment":[{"href":"https:\/\/cipele.ba\/en\/wp-json\/wp\/v2\/media?parent=15807"}],"wp:term":[{"taxonomy":"product_brand","embeddable":true,"href":"https:\/\/cipele.ba\/en\/wp-json\/wp\/v2\/product_brand?post=15807"},{"taxonomy":"product_cat","embeddable":true,"href":"https:\/\/cipele.ba\/en\/wp-json\/wp\/v2\/product_cat?post=15807"},{"taxonomy":"product_tag","embeddable":true,"href":"https:\/\/cipele.ba\/en\/wp-json\/wp\/v2\/product_tag?post=15807"}],"curies":[{"name":"wp","href":"https:\/\/api.w.org\/{rel}","templated":true}]}}