{"id":15809,"date":"2025-07-26T21:53:38","date_gmt":"2025-07-26T21:53:38","guid":{"rendered":"https:\/\/cipele.ba\/shop\/uncategorized\/skechers-patike-uno-lite-metallic-love\/"},"modified":"2026-04-16T23:18:56","modified_gmt":"2026-04-16T23:18:56","slug":"skechers-patike-uno-lite-metallic-love","status":"publish","type":"product","link":"https:\/\/cipele.ba\/en\/shop\/zene\/zenske-patike\/skechers-patike-uno-lite-metallic-love\/","title":{"rendered":"Skechers Patike Uno Lite Metallic Love"},"content":{"rendered":"","protected":false},"excerpt":{"rendered":"<p>Uno Lite Metallic Love patike su savr\u0161en izbor za one koji \u017eele spojiti umjetnost, modu i udobnost. Idealne su za svakodnevne aktivnosti i prilike u kojima \u017eelite izraziti svoju kreativnost.<\/p>","protected":false},"featured_media":15808,"template":"","meta":{"jetpack_post_was_ever_published":false},"product_brand":[89],"product_cat":[63],"product_tag":[],"class_list":{"0":"post-15809","1":"product","2":"type-product","3":"status-publish","4":"has-post-thumbnail","6":"product_brand-mocca_commerce","7":"product_cat-zenske-patike","9":"first","10":"instock","11":"shipping-taxable","12":"product-type-external"},"jetpack-related-posts":[],"jetpack_sharing_enabled":true,"_links":{"self":[{"href":"https:\/\/cipele.ba\/en\/wp-json\/wp\/v2\/product\/15809","targetHints":{"allow":["GET"]}}],"collection":[{"href":"https:\/\/cipele.ba\/en\/wp-json\/wp\/v2\/product"}],"about":[{"href":"https:\/\/cipele.ba\/en\/wp-json\/wp\/v2\/types\/product"}],"wp:featuredmedia":[{"embeddable":true,"href":"https:\/\/cipele.ba\/en\/wp-json\/wp\/v2\/media\/15808"}],"wp:attachment":[{"href":"https:\/\/cipele.ba\/en\/wp-json\/wp\/v2\/media?parent=15809"}],"wp:term":[{"taxonomy":"product_brand","embeddable":true,"href":"https:\/\/cipele.ba\/en\/wp-json\/wp\/v2\/product_brand?post=15809"},{"taxonomy":"product_cat","embeddable":true,"href":"https:\/\/cipele.ba\/en\/wp-json\/wp\/v2\/product_cat?post=15809"},{"taxonomy":"product_tag","embeddable":true,"href":"https:\/\/cipele.ba\/en\/wp-json\/wp\/v2\/product_tag?post=15809"}],"curies":[{"name":"wp","href":"https:\/\/api.w.org\/{rel}","templated":true}]}}