{"id":15888,"date":"2025-07-26T21:59:04","date_gmt":"2025-07-26T21:59:04","guid":{"rendered":"https:\/\/cipele.ba\/shop\/uncategorized\/puma-patike-courtflex-v3\/"},"modified":"2026-03-20T21:06:33","modified_gmt":"2026-03-20T21:06:33","slug":"puma-patike-courtflex-v3","status":"publish","type":"product","link":"https:\/\/cipele.ba\/en\/shop\/djeca\/djecije-patike\/puma-patike-courtflex-v3\/","title":{"rendered":"Puma Patike Courtflex V3"},"content":{"rendered":"<p>PUMA Courtflex v3 je dje\u010diji model patika dizajniran za svakodnevnu igru, udobnost i stil. Prilago\u0111en je potrebama mali\u0161ana u razvoju, s fokusom na lako obuvanje, stabilnost i trajnost. Idealan je za vrti\u0107, \u0161kolu, igrali\u0161te ili \u0161etnje \u2013 gdje god mali\u0161ani krenu.<\/p>","protected":false},"excerpt":{"rendered":"<p>PUMA Courtflex v3 je dje\u010diji model patika dizajniran za svakodnevnu igru, udobnost i stil. Prilago\u0111en je potrebama mali\u0161ana u razvoju, s fokusom na lako obuvanje, stabilnost i trajnost. Idealan je za vrti\u0107, \u0161kolu, igrali\u0161te ili \u0161etnje \u2013 gdje god mali\u0161ani krenu.<\/p>","protected":false},"featured_media":15887,"template":"","meta":{"jetpack_post_was_ever_published":false},"product_brand":[89],"product_cat":[59],"product_tag":[],"class_list":{"0":"post-15888","1":"product","2":"type-product","3":"status-publish","4":"has-post-thumbnail","6":"product_brand-mocca_commerce","7":"product_cat-djecije-patike","9":"first","10":"instock","11":"shipping-taxable","12":"product-type-external"},"jetpack-related-posts":[],"jetpack_sharing_enabled":true,"_links":{"self":[{"href":"https:\/\/cipele.ba\/en\/wp-json\/wp\/v2\/product\/15888","targetHints":{"allow":["GET"]}}],"collection":[{"href":"https:\/\/cipele.ba\/en\/wp-json\/wp\/v2\/product"}],"about":[{"href":"https:\/\/cipele.ba\/en\/wp-json\/wp\/v2\/types\/product"}],"wp:featuredmedia":[{"embeddable":true,"href":"https:\/\/cipele.ba\/en\/wp-json\/wp\/v2\/media\/15887"}],"wp:attachment":[{"href":"https:\/\/cipele.ba\/en\/wp-json\/wp\/v2\/media?parent=15888"}],"wp:term":[{"taxonomy":"product_brand","embeddable":true,"href":"https:\/\/cipele.ba\/en\/wp-json\/wp\/v2\/product_brand?post=15888"},{"taxonomy":"product_cat","embeddable":true,"href":"https:\/\/cipele.ba\/en\/wp-json\/wp\/v2\/product_cat?post=15888"},{"taxonomy":"product_tag","embeddable":true,"href":"https:\/\/cipele.ba\/en\/wp-json\/wp\/v2\/product_tag?post=15888"}],"curies":[{"name":"wp","href":"https:\/\/api.w.org\/{rel}","templated":true}]}}