{"id":15891,"date":"2025-07-26T21:59:17","date_gmt":"2025-07-26T21:59:17","guid":{"rendered":"https:\/\/cipele.ba\/shop\/uncategorized\/adidas-patike-tensaur-sport\/"},"modified":"2026-04-14T06:02:22","modified_gmt":"2026-04-14T06:02:22","slug":"adidas-patike-tensaur-sport","status":"publish","type":"product","link":"https:\/\/cipele.ba\/en\/shop\/djeca\/djecije-patike\/adidas-patike-tensaur-sport\/","title":{"rendered":"Adidas Patike Tensaur Sport"},"content":{"rendered":"<p>Vrte\u0107i se, kora\u010daju\u0107i, ska\u010du\u0107i ili sprintaju\u0107i, djeca neprestano izla\u017eu svoje patike testovima. Napravljene sa \u010dvrstim gumenim \u0111onom koji ne ostavlja tragove, ove adidas patike prijanjaju za tlo dok ostavljaju pod upravo onako kako su ih prona\u0161li. A dvije trake na kop\u010de na svakoj patici lako se zakop\u010davaju kada su u pokretu.<\/p>","protected":false},"excerpt":{"rendered":"<p>Vrte\u0107i se, kora\u010daju\u0107i, ska\u010du\u0107i ili sprintaju\u0107i, djeca neprestano izla\u017eu svoje patike testovima. Napravljene sa \u010dvrstim gumenim \u0111onom koji ne ostavlja tragove, ove adidas patike prijanjaju za tlo dok ostavljaju pod upravo onako kako su ih prona\u0161li. A dvije trake na kop\u010de na svakoj patici lako se zakop\u010davaju kada su u pokretu.<\/p>","protected":false},"featured_media":15889,"template":"","meta":{"jetpack_post_was_ever_published":false},"product_brand":[89],"product_cat":[59],"product_tag":[],"class_list":{"0":"post-15891","1":"product","2":"type-product","3":"status-publish","4":"has-post-thumbnail","6":"product_brand-mocca_commerce","7":"product_cat-djecije-patike","9":"first","10":"instock","11":"shipping-taxable","12":"product-type-external"},"jetpack-related-posts":[],"jetpack_sharing_enabled":true,"_links":{"self":[{"href":"https:\/\/cipele.ba\/en\/wp-json\/wp\/v2\/product\/15891","targetHints":{"allow":["GET"]}}],"collection":[{"href":"https:\/\/cipele.ba\/en\/wp-json\/wp\/v2\/product"}],"about":[{"href":"https:\/\/cipele.ba\/en\/wp-json\/wp\/v2\/types\/product"}],"wp:featuredmedia":[{"embeddable":true,"href":"https:\/\/cipele.ba\/en\/wp-json\/wp\/v2\/media\/15889"}],"wp:attachment":[{"href":"https:\/\/cipele.ba\/en\/wp-json\/wp\/v2\/media?parent=15891"}],"wp:term":[{"taxonomy":"product_brand","embeddable":true,"href":"https:\/\/cipele.ba\/en\/wp-json\/wp\/v2\/product_brand?post=15891"},{"taxonomy":"product_cat","embeddable":true,"href":"https:\/\/cipele.ba\/en\/wp-json\/wp\/v2\/product_cat?post=15891"},{"taxonomy":"product_tag","embeddable":true,"href":"https:\/\/cipele.ba\/en\/wp-json\/wp\/v2\/product_tag?post=15891"}],"curies":[{"name":"wp","href":"https:\/\/api.w.org\/{rel}","templated":true}]}}