{"id":15896,"date":"2025-07-26T21:59:20","date_gmt":"2025-07-26T21:59:20","guid":{"rendered":"https:\/\/cipele.ba\/shop\/uncategorized\/skechers-patike-bounder-trekzic\/"},"modified":"2026-04-08T02:32:27","modified_gmt":"2026-04-08T02:32:27","slug":"skechers-patike-bounder-trekzic","status":"publish","type":"product","link":"https:\/\/cipele.ba\/en\/shop\/djeca\/djecije-patike\/skechers-patike-bounder-trekzic\/","title":{"rendered":"Skechers Patike Bounder Trekzic"},"content":{"rendered":"","protected":false},"excerpt":{"rendered":"<p>Ove patike su idealne za svakodnevne aktivnosti, igru i \u0161kolske obaveze, pru\u017eaju\u0107i va\u0161em djetetu potrebnu podr\u0161ku i udobnost.\u00a0<\/p>","protected":false},"featured_media":15894,"template":"","meta":{"jetpack_post_was_ever_published":false},"product_brand":[89],"product_cat":[59],"product_tag":[],"class_list":{"0":"post-15896","1":"product","2":"type-product","3":"status-publish","4":"has-post-thumbnail","6":"product_brand-mocca_commerce","7":"product_cat-djecije-patike","9":"first","10":"instock","11":"shipping-taxable","12":"product-type-external"},"jetpack-related-posts":[],"jetpack_sharing_enabled":true,"_links":{"self":[{"href":"https:\/\/cipele.ba\/en\/wp-json\/wp\/v2\/product\/15896","targetHints":{"allow":["GET"]}}],"collection":[{"href":"https:\/\/cipele.ba\/en\/wp-json\/wp\/v2\/product"}],"about":[{"href":"https:\/\/cipele.ba\/en\/wp-json\/wp\/v2\/types\/product"}],"wp:featuredmedia":[{"embeddable":true,"href":"https:\/\/cipele.ba\/en\/wp-json\/wp\/v2\/media\/15894"}],"wp:attachment":[{"href":"https:\/\/cipele.ba\/en\/wp-json\/wp\/v2\/media?parent=15896"}],"wp:term":[{"taxonomy":"product_brand","embeddable":true,"href":"https:\/\/cipele.ba\/en\/wp-json\/wp\/v2\/product_brand?post=15896"},{"taxonomy":"product_cat","embeddable":true,"href":"https:\/\/cipele.ba\/en\/wp-json\/wp\/v2\/product_cat?post=15896"},{"taxonomy":"product_tag","embeddable":true,"href":"https:\/\/cipele.ba\/en\/wp-json\/wp\/v2\/product_tag?post=15896"}],"curies":[{"name":"wp","href":"https:\/\/api.w.org\/{rel}","templated":true}]}}