{"id":15901,"date":"2025-07-26T21:59:23","date_gmt":"2025-07-26T21:59:23","guid":{"rendered":"https:\/\/cipele.ba\/shop\/uncategorized\/puma-patike-carina-street-sneakers-junior\/"},"modified":"2026-04-04T22:52:31","modified_gmt":"2026-04-04T22:52:31","slug":"puma-patike-carina-street-sneakers-junior","status":"publish","type":"product","link":"https:\/\/cipele.ba\/en\/shop\/djeca\/djecije-patike\/puma-patike-carina-street-sneakers-junior\/","title":{"rendered":"Puma Patike Carina Street Sneakers Junior"},"content":{"rendered":"","protected":false},"excerpt":{"rendered":"<p>Dizajn inspiriran &#8216;street-style&#8217; odje\u0107om i blago povi\u0161ena platforma \u010dine ove Carine savr\u0161enim za svakodnevnu odje\u0107u.<\/p>","protected":false},"featured_media":15899,"template":"","meta":{"jetpack_post_was_ever_published":false},"product_brand":[89],"product_cat":[59],"product_tag":[],"class_list":{"0":"post-15901","1":"product","2":"type-product","3":"status-publish","4":"has-post-thumbnail","6":"product_brand-mocca_commerce","7":"product_cat-djecije-patike","9":"first","10":"instock","11":"shipping-taxable","12":"product-type-external"},"jetpack-related-posts":[],"jetpack_sharing_enabled":true,"_links":{"self":[{"href":"https:\/\/cipele.ba\/en\/wp-json\/wp\/v2\/product\/15901","targetHints":{"allow":["GET"]}}],"collection":[{"href":"https:\/\/cipele.ba\/en\/wp-json\/wp\/v2\/product"}],"about":[{"href":"https:\/\/cipele.ba\/en\/wp-json\/wp\/v2\/types\/product"}],"wp:featuredmedia":[{"embeddable":true,"href":"https:\/\/cipele.ba\/en\/wp-json\/wp\/v2\/media\/15899"}],"wp:attachment":[{"href":"https:\/\/cipele.ba\/en\/wp-json\/wp\/v2\/media?parent=15901"}],"wp:term":[{"taxonomy":"product_brand","embeddable":true,"href":"https:\/\/cipele.ba\/en\/wp-json\/wp\/v2\/product_brand?post=15901"},{"taxonomy":"product_cat","embeddable":true,"href":"https:\/\/cipele.ba\/en\/wp-json\/wp\/v2\/product_cat?post=15901"},{"taxonomy":"product_tag","embeddable":true,"href":"https:\/\/cipele.ba\/en\/wp-json\/wp\/v2\/product_tag?post=15901"}],"curies":[{"name":"wp","href":"https:\/\/api.w.org\/{rel}","templated":true}]}}