{"id":15905,"date":"2025-07-26T21:59:36","date_gmt":"2025-07-26T21:59:36","guid":{"rendered":"https:\/\/cipele.ba\/shop\/uncategorized\/puma-patike-st-runner-v4\/"},"modified":"2026-04-12T03:06:47","modified_gmt":"2026-04-12T03:06:47","slug":"puma-patike-st-runner-v4","status":"publish","type":"product","link":"https:\/\/cipele.ba\/en\/shop\/djeca\/djecije-patike\/puma-patike-st-runner-v4\/","title":{"rendered":"Puma Patike ST Runner V4"},"content":{"rendered":"<p>Ove patike \u0107e ispratiti svaki va\u0161 aktivni dan i pru\u017eiti vam nov i svje\u017e izgled. Poluduboki model sa klasi\u010dnim pertlanjem i PUMA logom koji jasno govori u koji sportski brend najvi\u0161e vjerujete. Lako se mogu uklopiti sa ostatkom va\u0161e garderobe, a gumeni \u0111on pru\u017ea odli\u010dno prianjanje. Ukoliko ste ljubitelj sportskog stila i tra\u017eite vrhunsku udobnost va\u0161e obu\u0107e, ove patike su idealan izbor.<\/p>","protected":false},"excerpt":{"rendered":"<p>Ove patike \u0107e ispratiti svaki va\u0161 aktivni dan i pru\u017eiti vam nov i svje\u017e izgled. Poluduboki model sa klasi\u010dnim pertlanjem i PUMA logom koji jasno govori u koji sportski brend najvi\u0161e vjerujete. Lako se mogu uklopiti sa ostatkom va\u0161e garderobe, a gumeni \u0111on pru\u017ea odli\u010dno prianjanje. Ukoliko ste ljubitelj sportskog stila i tra\u017eite vrhunsku udobnost [&hellip;]<\/p>","protected":false},"featured_media":15903,"template":"","meta":{"jetpack_post_was_ever_published":false},"product_brand":[89],"product_cat":[59],"product_tag":[],"class_list":{"0":"post-15905","1":"product","2":"type-product","3":"status-publish","4":"has-post-thumbnail","6":"product_brand-mocca_commerce","7":"product_cat-djecije-patike","9":"first","10":"instock","11":"shipping-taxable","12":"product-type-external"},"jetpack-related-posts":[],"jetpack_sharing_enabled":true,"_links":{"self":[{"href":"https:\/\/cipele.ba\/en\/wp-json\/wp\/v2\/product\/15905","targetHints":{"allow":["GET"]}}],"collection":[{"href":"https:\/\/cipele.ba\/en\/wp-json\/wp\/v2\/product"}],"about":[{"href":"https:\/\/cipele.ba\/en\/wp-json\/wp\/v2\/types\/product"}],"wp:featuredmedia":[{"embeddable":true,"href":"https:\/\/cipele.ba\/en\/wp-json\/wp\/v2\/media\/15903"}],"wp:attachment":[{"href":"https:\/\/cipele.ba\/en\/wp-json\/wp\/v2\/media?parent=15905"}],"wp:term":[{"taxonomy":"product_brand","embeddable":true,"href":"https:\/\/cipele.ba\/en\/wp-json\/wp\/v2\/product_brand?post=15905"},{"taxonomy":"product_cat","embeddable":true,"href":"https:\/\/cipele.ba\/en\/wp-json\/wp\/v2\/product_cat?post=15905"},{"taxonomy":"product_tag","embeddable":true,"href":"https:\/\/cipele.ba\/en\/wp-json\/wp\/v2\/product_tag?post=15905"}],"curies":[{"name":"wp","href":"https:\/\/api.w.org\/{rel}","templated":true}]}}