{"id":15912,"date":"2025-07-26T21:59:40","date_gmt":"2025-07-26T21:59:40","guid":{"rendered":"https:\/\/cipele.ba\/shop\/uncategorized\/adidas-patike-strutter\/"},"modified":"2026-04-21T10:24:23","modified_gmt":"2026-04-21T10:24:23","slug":"adidas-patike-strutter","status":"publish","type":"product","link":"https:\/\/cipele.ba\/en\/shop\/djeca\/djecije-patike\/adidas-patike-strutter\/","title":{"rendered":"Adidas Patike Strutter"},"content":{"rendered":"","protected":false},"excerpt":{"rendered":"<p>Ukoliko ste ipak za klasiku, birajte Adidas Strutter modele savr\u0161ene udobnosti i jednostavnog dizajna izra\u0111ene od visokokvalitetne ko\u017ee. Dizajn ovih patika ukorenjen je u adidasovoj ba\u0161tini i donosi sportsku eleganciju u va\u0161 svakodnevni stil.<\/p>","protected":false},"featured_media":15909,"template":"","meta":{"jetpack_post_was_ever_published":false},"product_brand":[89],"product_cat":[59],"product_tag":[],"class_list":{"0":"post-15912","1":"product","2":"type-product","3":"status-publish","4":"has-post-thumbnail","6":"product_brand-mocca_commerce","7":"product_cat-djecije-patike","9":"first","10":"instock","11":"shipping-taxable","12":"product-type-external"},"jetpack-related-posts":[],"jetpack_sharing_enabled":true,"_links":{"self":[{"href":"https:\/\/cipele.ba\/en\/wp-json\/wp\/v2\/product\/15912","targetHints":{"allow":["GET"]}}],"collection":[{"href":"https:\/\/cipele.ba\/en\/wp-json\/wp\/v2\/product"}],"about":[{"href":"https:\/\/cipele.ba\/en\/wp-json\/wp\/v2\/types\/product"}],"wp:featuredmedia":[{"embeddable":true,"href":"https:\/\/cipele.ba\/en\/wp-json\/wp\/v2\/media\/15909"}],"wp:attachment":[{"href":"https:\/\/cipele.ba\/en\/wp-json\/wp\/v2\/media?parent=15912"}],"wp:term":[{"taxonomy":"product_brand","embeddable":true,"href":"https:\/\/cipele.ba\/en\/wp-json\/wp\/v2\/product_brand?post=15912"},{"taxonomy":"product_cat","embeddable":true,"href":"https:\/\/cipele.ba\/en\/wp-json\/wp\/v2\/product_cat?post=15912"},{"taxonomy":"product_tag","embeddable":true,"href":"https:\/\/cipele.ba\/en\/wp-json\/wp\/v2\/product_tag?post=15912"}],"curies":[{"name":"wp","href":"https:\/\/api.w.org\/{rel}","templated":true}]}}