{"id":15980,"date":"2025-07-26T22:06:52","date_gmt":"2025-07-26T22:06:52","guid":{"rendered":"https:\/\/cipele.ba\/shop\/uncategorized\/skechers-patike-uno-spread-the-love\/"},"modified":"2026-03-12T05:16:30","modified_gmt":"2026-03-12T05:16:30","slug":"skechers-patike-uno-spread-the-love","status":"publish","type":"product","link":"https:\/\/cipele.ba\/en\/shop\/djeca\/djecije-patike\/skechers-patike-uno-spread-the-love\/","title":{"rendered":"Skechers Patike Uno Spread The Love"},"content":{"rendered":"","protected":false},"excerpt":{"rendered":"<p>SKECHERS UNO LITE su dje\u010dije lifestyle patike za starije djevoj\u010dice, neobi\u010dnog dizajna.<br \/>\nSKECHERS obuc\u0301a je izuzetno moderna, fleksibilna i udobna za svakodnevne aktivnosti i slobodno vrijeme.<\/p>","protected":false},"featured_media":15975,"template":"","meta":{"jetpack_post_was_ever_published":false},"product_brand":[89],"product_cat":[59],"product_tag":[],"class_list":{"0":"post-15980","1":"product","2":"type-product","3":"status-publish","4":"has-post-thumbnail","6":"product_brand-mocca_commerce","7":"product_cat-djecije-patike","9":"first","10":"instock","11":"shipping-taxable","12":"product-type-external"},"jetpack-related-posts":[],"jetpack_sharing_enabled":true,"_links":{"self":[{"href":"https:\/\/cipele.ba\/en\/wp-json\/wp\/v2\/product\/15980","targetHints":{"allow":["GET"]}}],"collection":[{"href":"https:\/\/cipele.ba\/en\/wp-json\/wp\/v2\/product"}],"about":[{"href":"https:\/\/cipele.ba\/en\/wp-json\/wp\/v2\/types\/product"}],"wp:featuredmedia":[{"embeddable":true,"href":"https:\/\/cipele.ba\/en\/wp-json\/wp\/v2\/media\/15975"}],"wp:attachment":[{"href":"https:\/\/cipele.ba\/en\/wp-json\/wp\/v2\/media?parent=15980"}],"wp:term":[{"taxonomy":"product_brand","embeddable":true,"href":"https:\/\/cipele.ba\/en\/wp-json\/wp\/v2\/product_brand?post=15980"},{"taxonomy":"product_cat","embeddable":true,"href":"https:\/\/cipele.ba\/en\/wp-json\/wp\/v2\/product_cat?post=15980"},{"taxonomy":"product_tag","embeddable":true,"href":"https:\/\/cipele.ba\/en\/wp-json\/wp\/v2\/product_tag?post=15980"}],"curies":[{"name":"wp","href":"https:\/\/api.w.org\/{rel}","templated":true}]}}