{"id":15983,"date":"2025-07-26T22:06:55","date_gmt":"2025-07-26T22:06:55","guid":{"rendered":"https:\/\/cipele.ba\/shop\/uncategorized\/puma-patike-rebound\/"},"modified":"2026-04-15T20:10:19","modified_gmt":"2026-04-15T20:10:19","slug":"puma-patike-rebound","status":"publish","type":"product","link":"https:\/\/cipele.ba\/en\/shop\/djeca\/djecije-patike\/puma-patike-rebound\/","title":{"rendered":"Puma Patike Rebound"},"content":{"rendered":"","protected":false},"excerpt":{"rendered":"<p>Predstavljaju savr\u0161en spoj udobnosti, stila i funkcionalnosti, prilago\u0111ene svakodnevnim potrebama najmla\u0111ih. Ove patike su dizajnirane da pru\u017ee maksimalnu podr\u0161ku i udobnost, bilo da se nose za igru, sportske aktivnosti ili u svakodnevnim \u0161etnjama.<\/p>","protected":false},"featured_media":15981,"template":"","meta":{"jetpack_post_was_ever_published":false},"product_brand":[89],"product_cat":[59],"product_tag":[],"class_list":{"0":"post-15983","1":"product","2":"type-product","3":"status-publish","4":"has-post-thumbnail","6":"product_brand-mocca_commerce","7":"product_cat-djecije-patike","9":"first","10":"instock","11":"shipping-taxable","12":"product-type-external"},"jetpack-related-posts":[],"jetpack_sharing_enabled":true,"_links":{"self":[{"href":"https:\/\/cipele.ba\/en\/wp-json\/wp\/v2\/product\/15983","targetHints":{"allow":["GET"]}}],"collection":[{"href":"https:\/\/cipele.ba\/en\/wp-json\/wp\/v2\/product"}],"about":[{"href":"https:\/\/cipele.ba\/en\/wp-json\/wp\/v2\/types\/product"}],"wp:featuredmedia":[{"embeddable":true,"href":"https:\/\/cipele.ba\/en\/wp-json\/wp\/v2\/media\/15981"}],"wp:attachment":[{"href":"https:\/\/cipele.ba\/en\/wp-json\/wp\/v2\/media?parent=15983"}],"wp:term":[{"taxonomy":"product_brand","embeddable":true,"href":"https:\/\/cipele.ba\/en\/wp-json\/wp\/v2\/product_brand?post=15983"},{"taxonomy":"product_cat","embeddable":true,"href":"https:\/\/cipele.ba\/en\/wp-json\/wp\/v2\/product_cat?post=15983"},{"taxonomy":"product_tag","embeddable":true,"href":"https:\/\/cipele.ba\/en\/wp-json\/wp\/v2\/product_tag?post=15983"}],"curies":[{"name":"wp","href":"https:\/\/api.w.org\/{rel}","templated":true}]}}