{"id":15984,"date":"2025-07-26T22:06:55","date_gmt":"2025-07-26T22:06:55","guid":{"rendered":"https:\/\/cipele.ba\/shop\/uncategorized\/adidas-cizme-terrex-mid-gtx-gore-tex\/"},"modified":"2026-04-09T03:22:27","modified_gmt":"2026-04-09T03:22:27","slug":"adidas-cizme-terrex-mid-gtx-gore-tex","status":"publish","type":"product","link":"https:\/\/cipele.ba\/en\/shop\/djeca\/djecije-patike\/adidas-cizme-terrex-mid-gtx-gore-tex\/","title":{"rendered":"Adidas \u010cizme Terrex Mid GTX (Gore-Tex)"},"content":{"rendered":"","protected":false},"excerpt":{"rendered":"<p>Adidas Terrex Mid\u00a0 GTX su izvanredne \u010dizme za sve avanturiste i ljubitelje prirode. Ove \u010dizme savr\u0161eno spajaju izdr\u017eljivost, udobnost i stabilnost kako bi vam pru\u017eile vrhunsku podr\u0161ku na svim terenima.<\/p>","protected":false},"featured_media":15982,"template":"","meta":{"jetpack_post_was_ever_published":false},"product_brand":[89],"product_cat":[59],"product_tag":[],"class_list":{"0":"post-15984","1":"product","2":"type-product","3":"status-publish","4":"has-post-thumbnail","6":"product_brand-mocca_commerce","7":"product_cat-djecije-patike","9":"first","10":"instock","11":"shipping-taxable","12":"product-type-external"},"jetpack-related-posts":[],"jetpack_sharing_enabled":true,"_links":{"self":[{"href":"https:\/\/cipele.ba\/en\/wp-json\/wp\/v2\/product\/15984","targetHints":{"allow":["GET"]}}],"collection":[{"href":"https:\/\/cipele.ba\/en\/wp-json\/wp\/v2\/product"}],"about":[{"href":"https:\/\/cipele.ba\/en\/wp-json\/wp\/v2\/types\/product"}],"wp:featuredmedia":[{"embeddable":true,"href":"https:\/\/cipele.ba\/en\/wp-json\/wp\/v2\/media\/15982"}],"wp:attachment":[{"href":"https:\/\/cipele.ba\/en\/wp-json\/wp\/v2\/media?parent=15984"}],"wp:term":[{"taxonomy":"product_brand","embeddable":true,"href":"https:\/\/cipele.ba\/en\/wp-json\/wp\/v2\/product_brand?post=15984"},{"taxonomy":"product_cat","embeddable":true,"href":"https:\/\/cipele.ba\/en\/wp-json\/wp\/v2\/product_cat?post=15984"},{"taxonomy":"product_tag","embeddable":true,"href":"https:\/\/cipele.ba\/en\/wp-json\/wp\/v2\/product_tag?post=15984"}],"curies":[{"name":"wp","href":"https:\/\/api.w.org\/{rel}","templated":true}]}}