{"id":15990,"date":"2025-07-26T22:07:00","date_gmt":"2025-07-26T22:07:00","guid":{"rendered":"https:\/\/cipele.ba\/shop\/uncategorized\/adidas-patike-f50-club-messi-indoor\/"},"modified":"2026-04-18T16:28:55","modified_gmt":"2026-04-18T16:28:55","slug":"adidas-patike-f50-club-messi-indoor","status":"publish","type":"product","link":"https:\/\/cipele.ba\/en\/shop\/djeca\/djecije-patike\/adidas-patike-f50-club-messi-indoor\/","title":{"rendered":"Adidas Patike F50 Club Messi Indoor"},"content":{"rendered":"<p>U igri je sve oko golova, a ove patike su napravljene da prona\u0111u mre\u017eu. Ciljano savr\u0161enstvo u potpuno novom adidas Predatoru. Napravljen od prozra\u010dne mre\u017ee i mekog antilopa, lagani gornji dio djeluje i izgleda kao dio. Sjede\u0107i ispod, gumeni \u0111on koji se pri\u010dvr\u0161\u0107uje osigurava da ste uvijek u savr\u0161enoj poziciji da ciljate na zatvorenim terenima.<\/p>","protected":false},"excerpt":{"rendered":"<p>U igri je sve oko golova, a ove patike su napravljene da prona\u0111u mre\u017eu. Ciljano savr\u0161enstvo u potpuno novom adidas Predatoru. Napravljen od prozra\u010dne mre\u017ee i mekog antilopa, lagani gornji dio djeluje i izgleda kao dio. Sjede\u0107i ispod, gumeni \u0111on koji se pri\u010dvr\u0161\u0107uje osigurava da ste uvijek u savr\u0161enoj poziciji da ciljate na zatvorenim terenima.<\/p>","protected":false},"featured_media":15989,"template":"","meta":{"jetpack_post_was_ever_published":false},"product_brand":[89],"product_cat":[59],"product_tag":[],"class_list":{"0":"post-15990","1":"product","2":"type-product","3":"status-publish","4":"has-post-thumbnail","6":"product_brand-mocca_commerce","7":"product_cat-djecije-patike","9":"first","10":"instock","11":"shipping-taxable","12":"product-type-external"},"jetpack-related-posts":[],"jetpack_sharing_enabled":true,"_links":{"self":[{"href":"https:\/\/cipele.ba\/en\/wp-json\/wp\/v2\/product\/15990","targetHints":{"allow":["GET"]}}],"collection":[{"href":"https:\/\/cipele.ba\/en\/wp-json\/wp\/v2\/product"}],"about":[{"href":"https:\/\/cipele.ba\/en\/wp-json\/wp\/v2\/types\/product"}],"wp:featuredmedia":[{"embeddable":true,"href":"https:\/\/cipele.ba\/en\/wp-json\/wp\/v2\/media\/15989"}],"wp:attachment":[{"href":"https:\/\/cipele.ba\/en\/wp-json\/wp\/v2\/media?parent=15990"}],"wp:term":[{"taxonomy":"product_brand","embeddable":true,"href":"https:\/\/cipele.ba\/en\/wp-json\/wp\/v2\/product_brand?post=15990"},{"taxonomy":"product_cat","embeddable":true,"href":"https:\/\/cipele.ba\/en\/wp-json\/wp\/v2\/product_cat?post=15990"},{"taxonomy":"product_tag","embeddable":true,"href":"https:\/\/cipele.ba\/en\/wp-json\/wp\/v2\/product_tag?post=15990"}],"curies":[{"name":"wp","href":"https:\/\/api.w.org\/{rel}","templated":true}]}}