{"id":15993,"date":"2025-07-26T22:07:01","date_gmt":"2025-07-26T22:07:01","guid":{"rendered":"https:\/\/cipele.ba\/shop\/uncategorized\/adidas-patike-x-crazyfast-club-turf-boots-j\/"},"modified":"2026-04-18T16:35:12","modified_gmt":"2026-04-18T16:35:12","slug":"adidas-patike-x-crazyfast-club-turf-boots-j","status":"publish","type":"product","link":"https:\/\/cipele.ba\/en\/shop\/djeca\/djecije-patike\/adidas-patike-x-crazyfast-club-turf-boots-j\/","title":{"rendered":"Adidas Patike X Crazyfast Club Turf Boots J"},"content":{"rendered":"<p>Ni\u0161ta nije bolje od naleta \u010diste brzine. Promijenite igru u trenu i ostavite defanzivce u zaostatku uz lagani Adidas X Crazyfast. Gumeni potplat na ovim juniorskim kopa\u010dkama slu\u017ei vam da budete brzi na ve\u0161ta\u010dkoj travi. Mekana i blago teksturirana, sinteti\u010dki gornji dio udru\u017euje snage s perforiranim jezikom kako biste osigurali da vam bude udobno u pokretu.<\/p>","protected":false},"excerpt":{"rendered":"<p>Ni\u0161ta nije bolje od naleta \u010diste brzine. Promijenite igru u trenu i ostavite defanzivce u zaostatku uz lagani Adidas X Crazyfast. Gumeni potplat na ovim juniorskim kopa\u010dkama slu\u017ei vam da budete brzi na ve\u0161ta\u010dkoj travi. Mekana i blago teksturirana, sinteti\u010dki gornji dio udru\u017euje snage s perforiranim jezikom kako biste osigurali da vam bude udobno u [&hellip;]<\/p>","protected":false},"featured_media":15991,"template":"","meta":{"jetpack_post_was_ever_published":false},"product_brand":[89],"product_cat":[59],"product_tag":[],"class_list":{"0":"post-15993","1":"product","2":"type-product","3":"status-publish","4":"has-post-thumbnail","6":"product_brand-mocca_commerce","7":"product_cat-djecije-patike","9":"first","10":"instock","11":"shipping-taxable","12":"product-type-external"},"jetpack-related-posts":[],"jetpack_sharing_enabled":true,"_links":{"self":[{"href":"https:\/\/cipele.ba\/en\/wp-json\/wp\/v2\/product\/15993","targetHints":{"allow":["GET"]}}],"collection":[{"href":"https:\/\/cipele.ba\/en\/wp-json\/wp\/v2\/product"}],"about":[{"href":"https:\/\/cipele.ba\/en\/wp-json\/wp\/v2\/types\/product"}],"wp:featuredmedia":[{"embeddable":true,"href":"https:\/\/cipele.ba\/en\/wp-json\/wp\/v2\/media\/15991"}],"wp:attachment":[{"href":"https:\/\/cipele.ba\/en\/wp-json\/wp\/v2\/media?parent=15993"}],"wp:term":[{"taxonomy":"product_brand","embeddable":true,"href":"https:\/\/cipele.ba\/en\/wp-json\/wp\/v2\/product_brand?post=15993"},{"taxonomy":"product_cat","embeddable":true,"href":"https:\/\/cipele.ba\/en\/wp-json\/wp\/v2\/product_cat?post=15993"},{"taxonomy":"product_tag","embeddable":true,"href":"https:\/\/cipele.ba\/en\/wp-json\/wp\/v2\/product_tag?post=15993"}],"curies":[{"name":"wp","href":"https:\/\/api.w.org\/{rel}","templated":true}]}}