{"id":15998,"date":"2025-07-26T22:07:04","date_gmt":"2025-07-26T22:07:04","guid":{"rendered":"https:\/\/cipele.ba\/shop\/uncategorized\/adidas-patike-predator-club-turf-football\/"},"modified":"2026-04-16T23:23:57","modified_gmt":"2026-04-16T23:23:57","slug":"adidas-patike-predator-club-turf-football","status":"publish","type":"product","link":"https:\/\/cipele.ba\/en\/shop\/djeca\/djecije-patike\/adidas-patike-predator-club-turf-football\/","title":{"rendered":"Adidas Patike Predator Club Turf Football"},"content":{"rendered":"<p>U igri je sve oko golova, a ove kopa\u010dke su napravljene da prona\u0111u mre\u017eu. Svaki. Vrijeme. Ciljano savr\u0161enstvo u potpuno novom adidas Predatoru. Sa slojem pjene za udobnost i elementima Strikeprint na sredi\u0161njoj strani, sinteti\u010dki gornji dio na ovim juniorskim \u010dizmama zaista izgleda i osje\u0107a se kao dio. Smje\u0161ten ispod, gumeni potplat osigurava da ste uvijek u savr\u0161enoj poziciji za ni\u0161an.<\/p>","protected":false},"excerpt":{"rendered":"<p>U igri je sve oko golova, a ove kopa\u010dke su napravljene da prona\u0111u mre\u017eu. Svaki. Vrijeme. Ciljano savr\u0161enstvo u potpuno novom adidas Predatoru. Sa slojem pjene za udobnost i elementima Strikeprint na sredi\u0161njoj strani, sinteti\u010dki gornji dio na ovim juniorskim \u010dizmama zaista izgleda i osje\u0107a se kao dio. Smje\u0161ten ispod, gumeni potplat osigurava da ste [&hellip;]<\/p>","protected":false},"featured_media":15995,"template":"","meta":{"jetpack_post_was_ever_published":false},"product_brand":[89],"product_cat":[59],"product_tag":[],"class_list":{"0":"post-15998","1":"product","2":"type-product","3":"status-publish","4":"has-post-thumbnail","6":"product_brand-mocca_commerce","7":"product_cat-djecije-patike","9":"first","10":"instock","11":"shipping-taxable","12":"product-type-external"},"jetpack-related-posts":[],"jetpack_sharing_enabled":true,"_links":{"self":[{"href":"https:\/\/cipele.ba\/en\/wp-json\/wp\/v2\/product\/15998","targetHints":{"allow":["GET"]}}],"collection":[{"href":"https:\/\/cipele.ba\/en\/wp-json\/wp\/v2\/product"}],"about":[{"href":"https:\/\/cipele.ba\/en\/wp-json\/wp\/v2\/types\/product"}],"wp:featuredmedia":[{"embeddable":true,"href":"https:\/\/cipele.ba\/en\/wp-json\/wp\/v2\/media\/15995"}],"wp:attachment":[{"href":"https:\/\/cipele.ba\/en\/wp-json\/wp\/v2\/media?parent=15998"}],"wp:term":[{"taxonomy":"product_brand","embeddable":true,"href":"https:\/\/cipele.ba\/en\/wp-json\/wp\/v2\/product_brand?post=15998"},{"taxonomy":"product_cat","embeddable":true,"href":"https:\/\/cipele.ba\/en\/wp-json\/wp\/v2\/product_cat?post=15998"},{"taxonomy":"product_tag","embeddable":true,"href":"https:\/\/cipele.ba\/en\/wp-json\/wp\/v2\/product_tag?post=15998"}],"curies":[{"name":"wp","href":"https:\/\/api.w.org\/{rel}","templated":true}]}}