{"id":16003,"date":"2025-07-26T22:07:07","date_gmt":"2025-07-26T22:07:07","guid":{"rendered":"https:\/\/cipele.ba\/shop\/uncategorized\/adidas-patike-x_plrpath-el-c\/"},"modified":"2026-04-13T05:31:35","modified_gmt":"2026-04-13T05:31:35","slug":"adidas-patike-x_plrpath-el-c","status":"publish","type":"product","link":"https:\/\/cipele.ba\/en\/shop\/djeca\/djecije-patike\/adidas-patike-x_plrpath-el-c\/","title":{"rendered":"Adidas Patike X_PLRPATH EL C"},"content":{"rendered":"<p>Otkrijte dje\u010dje Adidas cipele koje kombiniraju laganu udobnost i svestran stil. Srednji \u0111on od pjene u oblaku pru\u017ea meku potporu za svaki korak, a prozra\u010dni mre\u017easti gornji dio pru\u017ea osje\u0107aj hladno\u0107e. Meka fleksibilnost EVA potplata omogu\u0107ava vam da se slobodno kre\u0107ete i u\u017eivate u uzbudljivom danu bilo kada i bilo gdje<\/p>","protected":false},"excerpt":{"rendered":"<p>Otkrijte dje\u010dje Adidas cipele koje kombiniraju laganu udobnost i svestran stil. Srednji \u0111on od pjene u oblaku pru\u017ea meku potporu za svaki korak, a prozra\u010dni mre\u017easti gornji dio pru\u017ea osje\u0107aj hladno\u0107e. Meka fleksibilnost EVA potplata omogu\u0107ava vam da se slobodno kre\u0107ete i u\u017eivate u uzbudljivom danu bilo kada i bilo gdje<\/p>","protected":false},"featured_media":16001,"template":"","meta":{"jetpack_post_was_ever_published":false},"product_brand":[89],"product_cat":[59],"product_tag":[],"class_list":{"0":"post-16003","1":"product","2":"type-product","3":"status-publish","4":"has-post-thumbnail","6":"product_brand-mocca_commerce","7":"product_cat-djecije-patike","9":"first","10":"instock","11":"shipping-taxable","12":"product-type-external"},"jetpack-related-posts":[],"jetpack_sharing_enabled":true,"_links":{"self":[{"href":"https:\/\/cipele.ba\/en\/wp-json\/wp\/v2\/product\/16003","targetHints":{"allow":["GET"]}}],"collection":[{"href":"https:\/\/cipele.ba\/en\/wp-json\/wp\/v2\/product"}],"about":[{"href":"https:\/\/cipele.ba\/en\/wp-json\/wp\/v2\/types\/product"}],"wp:featuredmedia":[{"embeddable":true,"href":"https:\/\/cipele.ba\/en\/wp-json\/wp\/v2\/media\/16001"}],"wp:attachment":[{"href":"https:\/\/cipele.ba\/en\/wp-json\/wp\/v2\/media?parent=16003"}],"wp:term":[{"taxonomy":"product_brand","embeddable":true,"href":"https:\/\/cipele.ba\/en\/wp-json\/wp\/v2\/product_brand?post=16003"},{"taxonomy":"product_cat","embeddable":true,"href":"https:\/\/cipele.ba\/en\/wp-json\/wp\/v2\/product_cat?post=16003"},{"taxonomy":"product_tag","embeddable":true,"href":"https:\/\/cipele.ba\/en\/wp-json\/wp\/v2\/product_tag?post=16003"}],"curies":[{"name":"wp","href":"https:\/\/api.w.org\/{rel}","templated":true}]}}