{"id":16004,"date":"2025-07-26T22:07:07","date_gmt":"2025-07-26T22:07:07","guid":{"rendered":"https:\/\/cipele.ba\/shop\/uncategorized\/skechers-patike-court-high-electric\/"},"modified":"2026-04-15T08:27:50","modified_gmt":"2026-04-15T08:27:50","slug":"skechers-patike-court-high-electric","status":"publish","type":"product","link":"https:\/\/cipele.ba\/en\/shop\/djeca\/djecije-patike\/skechers-patike-court-high-electric\/","title":{"rendered":"Skechers Patike Court High Electric"},"content":{"rendered":"","protected":false},"excerpt":{"rendered":"<p>Skechers Street\u2122 Court High &#8211; Electric Remix patike su izvrsna opcija za sve \u017eene koje \u017eele spojiti udobnost i stil. One su savr\u0161ene za no\u0161enje uz casual i sportsku odje\u0107u te \u0107e dodati dozu stila svakoj kombinaciji.<\/p>","protected":false},"featured_media":16002,"template":"","meta":{"jetpack_post_was_ever_published":false},"product_brand":[89],"product_cat":[59],"product_tag":[],"class_list":{"0":"post-16004","1":"product","2":"type-product","3":"status-publish","4":"has-post-thumbnail","6":"product_brand-mocca_commerce","7":"product_cat-djecije-patike","9":"first","10":"instock","11":"shipping-taxable","12":"product-type-external"},"jetpack-related-posts":[],"jetpack_sharing_enabled":true,"_links":{"self":[{"href":"https:\/\/cipele.ba\/en\/wp-json\/wp\/v2\/product\/16004","targetHints":{"allow":["GET"]}}],"collection":[{"href":"https:\/\/cipele.ba\/en\/wp-json\/wp\/v2\/product"}],"about":[{"href":"https:\/\/cipele.ba\/en\/wp-json\/wp\/v2\/types\/product"}],"wp:featuredmedia":[{"embeddable":true,"href":"https:\/\/cipele.ba\/en\/wp-json\/wp\/v2\/media\/16002"}],"wp:attachment":[{"href":"https:\/\/cipele.ba\/en\/wp-json\/wp\/v2\/media?parent=16004"}],"wp:term":[{"taxonomy":"product_brand","embeddable":true,"href":"https:\/\/cipele.ba\/en\/wp-json\/wp\/v2\/product_brand?post=16004"},{"taxonomy":"product_cat","embeddable":true,"href":"https:\/\/cipele.ba\/en\/wp-json\/wp\/v2\/product_cat?post=16004"},{"taxonomy":"product_tag","embeddable":true,"href":"https:\/\/cipele.ba\/en\/wp-json\/wp\/v2\/product_tag?post=16004"}],"curies":[{"name":"wp","href":"https:\/\/api.w.org\/{rel}","templated":true}]}}