{"id":16082,"date":"2025-07-26T22:15:36","date_gmt":"2025-07-26T22:15:36","guid":{"rendered":"https:\/\/cipele.ba\/shop\/uncategorized\/adidas-patike-altasport-cf-k\/"},"modified":"2026-04-13T06:37:46","modified_gmt":"2026-04-13T06:37:46","slug":"adidas-patike-altasport-cf-k","status":"publish","type":"product","link":"https:\/\/cipele.ba\/en\/shop\/djeca\/djecije-patike\/adidas-patike-altasport-cf-k\/","title":{"rendered":"Adidas Patike ALTASPORT CF K"},"content":{"rendered":"","protected":false},"excerpt":{"rendered":"<p>Bilo da se radi o \u0161kolskom danu, izletu, \u0161etnji s prijateljima ili igri u parku ove univerzalne patike su tu da olak\u0161aju svaku priliku. Sa univerzalnim dizajnom i dobrom opremljeno\u0161\u0107u pogodni su i za sve vremenske uslove.<\/p>","protected":false},"featured_media":16081,"template":"","meta":{"jetpack_post_was_ever_published":false},"product_brand":[89],"product_cat":[59],"product_tag":[],"class_list":{"0":"post-16082","1":"product","2":"type-product","3":"status-publish","4":"has-post-thumbnail","6":"product_brand-mocca_commerce","7":"product_cat-djecije-patike","9":"first","10":"instock","11":"shipping-taxable","12":"product-type-external"},"jetpack-related-posts":[],"jetpack_sharing_enabled":true,"_links":{"self":[{"href":"https:\/\/cipele.ba\/en\/wp-json\/wp\/v2\/product\/16082","targetHints":{"allow":["GET"]}}],"collection":[{"href":"https:\/\/cipele.ba\/en\/wp-json\/wp\/v2\/product"}],"about":[{"href":"https:\/\/cipele.ba\/en\/wp-json\/wp\/v2\/types\/product"}],"wp:featuredmedia":[{"embeddable":true,"href":"https:\/\/cipele.ba\/en\/wp-json\/wp\/v2\/media\/16081"}],"wp:attachment":[{"href":"https:\/\/cipele.ba\/en\/wp-json\/wp\/v2\/media?parent=16082"}],"wp:term":[{"taxonomy":"product_brand","embeddable":true,"href":"https:\/\/cipele.ba\/en\/wp-json\/wp\/v2\/product_brand?post=16082"},{"taxonomy":"product_cat","embeddable":true,"href":"https:\/\/cipele.ba\/en\/wp-json\/wp\/v2\/product_cat?post=16082"},{"taxonomy":"product_tag","embeddable":true,"href":"https:\/\/cipele.ba\/en\/wp-json\/wp\/v2\/product_tag?post=16082"}],"curies":[{"name":"wp","href":"https:\/\/api.w.org\/{rel}","templated":true}]}}