{"id":16095,"date":"2025-07-26T22:15:43","date_gmt":"2025-07-26T22:15:43","guid":{"rendered":"https:\/\/cipele.ba\/shop\/uncategorized\/adidas-patike-grand-court-2-0-k-3\/"},"modified":"2026-04-14T09:41:18","modified_gmt":"2026-04-14T09:41:18","slug":"adidas-patike-grand-court-2-0-k-3","status":"publish","type":"product","link":"https:\/\/cipele.ba\/en\/shop\/djeca\/djecije-patike\/adidas-patike-grand-court-2-0-k-3\/","title":{"rendered":"Adidas Patike Grand Court 2.0 K"},"content":{"rendered":"","protected":false},"excerpt":{"rendered":"<p>Ove Adidas patike su savr\u0161en izbor za va\u0161e najmla\u0111e! Sa prakti\u010dnim \u010di\u010dak trakama, obuvanje je brzo i jednostavno, a EVA \u0111on u obliku mjehuri\u0107a pru\u017ea udobnost i podr\u0161ku malim stopalima koja rastu.<\/p>","protected":false},"featured_media":16092,"template":"","meta":{"jetpack_post_was_ever_published":false},"product_brand":[89],"product_cat":[59],"product_tag":[],"class_list":{"0":"post-16095","1":"product","2":"type-product","3":"status-publish","4":"has-post-thumbnail","6":"product_brand-mocca_commerce","7":"product_cat-djecije-patike","9":"first","10":"instock","11":"shipping-taxable","12":"product-type-external"},"jetpack-related-posts":[],"jetpack_sharing_enabled":true,"_links":{"self":[{"href":"https:\/\/cipele.ba\/en\/wp-json\/wp\/v2\/product\/16095","targetHints":{"allow":["GET"]}}],"collection":[{"href":"https:\/\/cipele.ba\/en\/wp-json\/wp\/v2\/product"}],"about":[{"href":"https:\/\/cipele.ba\/en\/wp-json\/wp\/v2\/types\/product"}],"wp:featuredmedia":[{"embeddable":true,"href":"https:\/\/cipele.ba\/en\/wp-json\/wp\/v2\/media\/16092"}],"wp:attachment":[{"href":"https:\/\/cipele.ba\/en\/wp-json\/wp\/v2\/media?parent=16095"}],"wp:term":[{"taxonomy":"product_brand","embeddable":true,"href":"https:\/\/cipele.ba\/en\/wp-json\/wp\/v2\/product_brand?post=16095"},{"taxonomy":"product_cat","embeddable":true,"href":"https:\/\/cipele.ba\/en\/wp-json\/wp\/v2\/product_cat?post=16095"},{"taxonomy":"product_tag","embeddable":true,"href":"https:\/\/cipele.ba\/en\/wp-json\/wp\/v2\/product_tag?post=16095"}],"curies":[{"name":"wp","href":"https:\/\/api.w.org\/{rel}","templated":true}]}}