{"id":16108,"date":"2025-07-26T22:15:46","date_gmt":"2025-07-26T22:15:46","guid":{"rendered":"https:\/\/cipele.ba\/shop\/uncategorized\/adidas-patike-breaknet\/"},"modified":"2026-04-15T23:12:48","modified_gmt":"2026-04-15T23:12:48","slug":"adidas-patike-breaknet","status":"publish","type":"product","link":"https:\/\/cipele.ba\/en\/shop\/djeca\/djecije-patike\/adidas-patike-breaknet\/","title":{"rendered":"Adidas Patike Breaknet"},"content":{"rendered":"<p>Dizajn inspirisan tenisom susre\u0107e se sa opu\u0161tenim izgledom koje Va\u0161e dijete mo\u017ee da nosi kao dio svoje svakodnevne rutine. Bilo da su sljede\u0107a velika teniska zvijezda ili samo \u017eele cool patike, napravljene su da traju. Pertle za vezivanje dobijaju dodatnu podr\u0161ku od jedne trake na kop\u010du.<br \/>\nGornji\u0161te od sinteti\u010dke ko\u017ee<br \/>\nTekstilna podstava<br \/>\nEVA sockliner<br \/>\nGumeni potplat<\/p>","protected":false},"excerpt":{"rendered":"<p>Dizajn inspirisan tenisom susre\u0107e se sa opu\u0161tenim izgledom koje Va\u0161e dijete mo\u017ee da nosi kao dio svoje svakodnevne rutine. Bilo da su sljede\u0107a velika teniska zvijezda ili samo \u017eele cool patike, napravljene su da traju. Pertle za vezivanje dobijaju dodatnu podr\u0161ku od jedne trake na kop\u010du. Gornji\u0161te od sinteti\u010dke ko\u017ee Tekstilna podstava EVA sockliner Gumeni [&hellip;]<\/p>","protected":false},"featured_media":16103,"template":"","meta":{"jetpack_post_was_ever_published":false},"product_brand":[89],"product_cat":[59],"product_tag":[],"class_list":{"0":"post-16108","1":"product","2":"type-product","3":"status-publish","4":"has-post-thumbnail","6":"product_brand-mocca_commerce","7":"product_cat-djecije-patike","9":"first","10":"instock","11":"shipping-taxable","12":"product-type-external"},"jetpack-related-posts":[],"jetpack_sharing_enabled":true,"_links":{"self":[{"href":"https:\/\/cipele.ba\/en\/wp-json\/wp\/v2\/product\/16108","targetHints":{"allow":["GET"]}}],"collection":[{"href":"https:\/\/cipele.ba\/en\/wp-json\/wp\/v2\/product"}],"about":[{"href":"https:\/\/cipele.ba\/en\/wp-json\/wp\/v2\/types\/product"}],"wp:featuredmedia":[{"embeddable":true,"href":"https:\/\/cipele.ba\/en\/wp-json\/wp\/v2\/media\/16103"}],"wp:attachment":[{"href":"https:\/\/cipele.ba\/en\/wp-json\/wp\/v2\/media?parent=16108"}],"wp:term":[{"taxonomy":"product_brand","embeddable":true,"href":"https:\/\/cipele.ba\/en\/wp-json\/wp\/v2\/product_brand?post=16108"},{"taxonomy":"product_cat","embeddable":true,"href":"https:\/\/cipele.ba\/en\/wp-json\/wp\/v2\/product_cat?post=16108"},{"taxonomy":"product_tag","embeddable":true,"href":"https:\/\/cipele.ba\/en\/wp-json\/wp\/v2\/product_tag?post=16108"}],"curies":[{"name":"wp","href":"https:\/\/api.w.org\/{rel}","templated":true}]}}