{"id":16126,"date":"2025-07-26T22:15:50","date_gmt":"2025-07-26T22:15:50","guid":{"rendered":"https:\/\/cipele.ba\/shop\/uncategorized\/adidas-patike-tensaur-run-2-0-cf-i\/"},"modified":"2026-03-29T07:06:38","modified_gmt":"2026-03-29T07:06:38","slug":"adidas-patike-tensaur-run-2-0-cf-i","status":"publish","type":"product","link":"https:\/\/cipele.ba\/en\/shop\/djeca\/djecije-patike\/adidas-patike-tensaur-run-2-0-cf-i\/","title":{"rendered":"Adidas Patike Tensaur Run 2.0 CF I"},"content":{"rendered":"<p>Pustite svoje dijete da ve\u017ee kai\u0161eve na ove adidas patike i po\u010dnite da se igrate. Izdr\u017eljivi EVA jedini\u010dni \u0111on daje im sve \u0161to im je potrebno da usavr\u0161e svoje penjanje po drve\u0107u i trke po travnjaku. Ove patike su savr\u0161en pratilac za njihove svakodnevne avanture.<\/p>","protected":false},"excerpt":{"rendered":"<p>Pustite svoje dijete da ve\u017ee kai\u0161eve na ove adidas patike i po\u010dnite da se igrate. Izdr\u017eljivi EVA jedini\u010dni \u0111on daje im sve \u0161to im je potrebno da usavr\u0161e svoje penjanje po drve\u0107u i trke po travnjaku. Ove patike su savr\u0161en pratilac za njihove svakodnevne avanture.<\/p>","protected":false},"featured_media":16121,"template":"","meta":{"jetpack_post_was_ever_published":false},"product_brand":[89],"product_cat":[59],"product_tag":[],"class_list":{"0":"post-16126","1":"product","2":"type-product","3":"status-publish","4":"has-post-thumbnail","6":"product_brand-mocca_commerce","7":"product_cat-djecije-patike","9":"first","10":"instock","11":"shipping-taxable","12":"product-type-external"},"jetpack-related-posts":[],"jetpack_sharing_enabled":true,"_links":{"self":[{"href":"https:\/\/cipele.ba\/en\/wp-json\/wp\/v2\/product\/16126","targetHints":{"allow":["GET"]}}],"collection":[{"href":"https:\/\/cipele.ba\/en\/wp-json\/wp\/v2\/product"}],"about":[{"href":"https:\/\/cipele.ba\/en\/wp-json\/wp\/v2\/types\/product"}],"wp:featuredmedia":[{"embeddable":true,"href":"https:\/\/cipele.ba\/en\/wp-json\/wp\/v2\/media\/16121"}],"wp:attachment":[{"href":"https:\/\/cipele.ba\/en\/wp-json\/wp\/v2\/media?parent=16126"}],"wp:term":[{"taxonomy":"product_brand","embeddable":true,"href":"https:\/\/cipele.ba\/en\/wp-json\/wp\/v2\/product_brand?post=16126"},{"taxonomy":"product_cat","embeddable":true,"href":"https:\/\/cipele.ba\/en\/wp-json\/wp\/v2\/product_cat?post=16126"},{"taxonomy":"product_tag","embeddable":true,"href":"https:\/\/cipele.ba\/en\/wp-json\/wp\/v2\/product_tag?post=16126"}],"curies":[{"name":"wp","href":"https:\/\/api.w.org\/{rel}","templated":true}]}}