{"id":16131,"date":"2025-07-26T22:15:50","date_gmt":"2025-07-26T22:15:50","guid":{"rendered":"https:\/\/cipele.ba\/shop\/uncategorized\/adidas-patike-grand-court-2-el-k\/"},"modified":"2026-04-11T05:16:14","modified_gmt":"2026-04-11T05:16:14","slug":"adidas-patike-grand-court-2-el-k","status":"publish","type":"product","link":"https:\/\/cipele.ba\/en\/shop\/djeca\/djecije-patike\/adidas-patike-grand-court-2-el-k\/","title":{"rendered":"Adidas Patike Grand Court 2 EL K"},"content":{"rendered":"","protected":false},"excerpt":{"rendered":"<p>Pomozite svojim mali\u0161anima da slijede stopama teniskih velikana. Ove dje\u010dije adidas patike imaju elegantan izgled inspiriran dvorskim stilom 70-ih. Gumeni \u0111on se savija i prijanja za glatke i samouvjerene korake.<\/p>","protected":false},"featured_media":16124,"template":"","meta":{"jetpack_post_was_ever_published":false},"product_brand":[89],"product_cat":[59],"product_tag":[],"class_list":{"0":"post-16131","1":"product","2":"type-product","3":"status-publish","4":"has-post-thumbnail","6":"product_brand-mocca_commerce","7":"product_cat-djecije-patike","9":"first","10":"instock","11":"shipping-taxable","12":"product-type-external"},"jetpack-related-posts":[],"jetpack_sharing_enabled":true,"_links":{"self":[{"href":"https:\/\/cipele.ba\/en\/wp-json\/wp\/v2\/product\/16131","targetHints":{"allow":["GET"]}}],"collection":[{"href":"https:\/\/cipele.ba\/en\/wp-json\/wp\/v2\/product"}],"about":[{"href":"https:\/\/cipele.ba\/en\/wp-json\/wp\/v2\/types\/product"}],"wp:featuredmedia":[{"embeddable":true,"href":"https:\/\/cipele.ba\/en\/wp-json\/wp\/v2\/media\/16124"}],"wp:attachment":[{"href":"https:\/\/cipele.ba\/en\/wp-json\/wp\/v2\/media?parent=16131"}],"wp:term":[{"taxonomy":"product_brand","embeddable":true,"href":"https:\/\/cipele.ba\/en\/wp-json\/wp\/v2\/product_brand?post=16131"},{"taxonomy":"product_cat","embeddable":true,"href":"https:\/\/cipele.ba\/en\/wp-json\/wp\/v2\/product_cat?post=16131"},{"taxonomy":"product_tag","embeddable":true,"href":"https:\/\/cipele.ba\/en\/wp-json\/wp\/v2\/product_tag?post=16131"}],"curies":[{"name":"wp","href":"https:\/\/api.w.org\/{rel}","templated":true}]}}