{"id":16733,"date":"2025-08-01T23:13:38","date_gmt":"2025-08-01T23:13:38","guid":{"rendered":"https:\/\/cipele.ba\/shop\/uncategorized\/asics-gel-1130\/"},"modified":"2026-04-18T09:19:45","modified_gmt":"2026-04-18T09:19:45","slug":"asics-gel-1130","status":"publish","type":"product","link":"https:\/\/cipele.ba\/en\/shop\/muskarci\/muske-patike\/asics-gel-1130\/","title":{"rendered":"Asics Gel-1130"},"content":{"rendered":"<p>Asics GEL-1130 unisex lifestyle patike slave evoluciju stabilnih patika za tr\u010danje, kao oma\u017e devetoj verziji serije GEL-1000. Detalji Niski profil i klasi\u010dne pertle Preklopi od antilopa i prozra\u010dni mre\u017easti donji slojevi za bolju udobnost i stil GEL\u2122 tehnologija amortizacije za izuzetnu apsorpciju udara TRUSSTIC\u2122 sistem potpore za ve\u0107u stabilnost i potporu Eco story Ekolo\u0161ki ulo\u017eak je izra\u0111en tehnikom bojenja u masi, \u010dime se smanjuje upotreba vode i emisije ugljen-dioksida.<\/p>","protected":false},"excerpt":{"rendered":"<p>Asics GEL-1130 unisex lifestyle patike slave evoluciju stabilnih patika za tr\u010danje, kao oma\u017e devetoj verziji serije GEL-1000. Detalji Niski profil i klasi\u010dne pertle Preklopi od antilopa i prozra\u010dni mre\u017easti donji slojevi za bolju udobnost i stil GEL\u2122 tehnologija amortizacije za izuzetnu apsorpciju udara TRUSSTIC\u2122 sistem potpore za ve\u0107u stabilnost i potporu Eco story Ekolo\u0161ki ulo\u017eak [&hellip;]<\/p>","protected":false},"featured_media":16730,"template":"","meta":{"jetpack_post_was_ever_published":false},"product_brand":[94],"product_cat":[67],"product_tag":[],"class_list":{"0":"post-16733","1":"product","2":"type-product","3":"status-publish","4":"has-post-thumbnail","6":"product_brand-sport_vision","7":"product_cat-muske-patike","9":"first","10":"instock","11":"sale","12":"shipping-taxable","13":"product-type-external"},"jetpack-related-posts":[],"jetpack_sharing_enabled":true,"_links":{"self":[{"href":"https:\/\/cipele.ba\/en\/wp-json\/wp\/v2\/product\/16733","targetHints":{"allow":["GET"]}}],"collection":[{"href":"https:\/\/cipele.ba\/en\/wp-json\/wp\/v2\/product"}],"about":[{"href":"https:\/\/cipele.ba\/en\/wp-json\/wp\/v2\/types\/product"}],"wp:featuredmedia":[{"embeddable":true,"href":"https:\/\/cipele.ba\/en\/wp-json\/wp\/v2\/media\/16730"}],"wp:attachment":[{"href":"https:\/\/cipele.ba\/en\/wp-json\/wp\/v2\/media?parent=16733"}],"wp:term":[{"taxonomy":"product_brand","embeddable":true,"href":"https:\/\/cipele.ba\/en\/wp-json\/wp\/v2\/product_brand?post=16733"},{"taxonomy":"product_cat","embeddable":true,"href":"https:\/\/cipele.ba\/en\/wp-json\/wp\/v2\/product_cat?post=16733"},{"taxonomy":"product_tag","embeddable":true,"href":"https:\/\/cipele.ba\/en\/wp-json\/wp\/v2\/product_tag?post=16733"}],"curies":[{"name":"wp","href":"https:\/\/api.w.org\/{rel}","templated":true}]}}