{"id":16944,"date":"2025-08-20T21:13:53","date_gmt":"2025-08-20T21:13:53","guid":{"rendered":"https:\/\/cipele.ba\/shop\/uncategorized\/wrangler-muska-patika-29mst10071\/"},"modified":"2026-04-18T15:40:12","modified_gmt":"2026-04-18T15:40:12","slug":"wrangler-muska-patika-29mst10071","status":"publish","type":"product","link":"https:\/\/cipele.ba\/en\/shop\/muskarci\/muske-cipele\/wrangler-muska-patika-29mst10071\/","title":{"rendered":"Wrangler Mu\u0161ka patika 29MST10071"},"content":{"rendered":"<p>Wrangler je ro\u0111en 1947. u Greensborou, Sjeverna Karolina, na temeljima inovacije i s idejom stvaranja najboljih traperica, jakni ili ko\u0161ulja za kauboje. Wrangler ne staje samo na odje\u0107i, ve\u0107 proizvodi i kvalitetnu obu\u0107u za svakodnevni \u017eivot, poznatu po funkcionalnim detaljima i dizajnu, prilago\u0111enom modernom izgledu i potrebama. Izdr\u017eljiva, autenti\u010dna i moderna obu\u0107a u stilu Wrangler.<\/p>","protected":false},"excerpt":{"rendered":"<p>Wrangler je ro\u0111en 1947. u Greensborou, Sjeverna Karolina, na temeljima inovacije i s idejom stvaranja najboljih traperica, jakni ili ko\u0161ulja za kauboje. Wrangler ne staje samo na odje\u0107i, ve\u0107 proizvodi i kvalitetnu obu\u0107u za svakodnevni \u017eivot, poznatu po funkcionalnim detaljima i dizajnu, prilago\u0111enom modernom izgledu i potrebama. Izdr\u017eljiva, autenti\u010dna i moderna obu\u0107a u stilu Wrangler.<\/p>","protected":false},"featured_media":16941,"template":"","meta":{"jetpack_post_was_ever_published":false},"product_brand":[86],"product_cat":[47],"product_tag":[],"class_list":{"0":"post-16944","1":"product","2":"type-product","3":"status-publish","4":"has-post-thumbnail","6":"product_brand-planika","7":"product_cat-muske-cipele","9":"first","10":"instock","11":"sale","12":"shipping-taxable","13":"product-type-external"},"jetpack-related-posts":[],"jetpack_sharing_enabled":true,"_links":{"self":[{"href":"https:\/\/cipele.ba\/en\/wp-json\/wp\/v2\/product\/16944","targetHints":{"allow":["GET"]}}],"collection":[{"href":"https:\/\/cipele.ba\/en\/wp-json\/wp\/v2\/product"}],"about":[{"href":"https:\/\/cipele.ba\/en\/wp-json\/wp\/v2\/types\/product"}],"wp:featuredmedia":[{"embeddable":true,"href":"https:\/\/cipele.ba\/en\/wp-json\/wp\/v2\/media\/16941"}],"wp:attachment":[{"href":"https:\/\/cipele.ba\/en\/wp-json\/wp\/v2\/media?parent=16944"}],"wp:term":[{"taxonomy":"product_brand","embeddable":true,"href":"https:\/\/cipele.ba\/en\/wp-json\/wp\/v2\/product_brand?post=16944"},{"taxonomy":"product_cat","embeddable":true,"href":"https:\/\/cipele.ba\/en\/wp-json\/wp\/v2\/product_cat?post=16944"},{"taxonomy":"product_tag","embeddable":true,"href":"https:\/\/cipele.ba\/en\/wp-json\/wp\/v2\/product_tag?post=16944"}],"curies":[{"name":"wp","href":"https:\/\/api.w.org\/{rel}","templated":true}]}}