{"id":16996,"date":"2025-08-20T21:14:32","date_gmt":"2025-08-20T21:14:32","guid":{"rendered":"https:\/\/cipele.ba\/shop\/uncategorized\/gri-sport-muska-cipela-38mcj10651\/"},"modified":"2026-04-18T17:56:11","modified_gmt":"2026-04-18T17:56:11","slug":"gri-sport-muska-cipela-38mcj10651","status":"publish","type":"product","link":"https:\/\/cipele.ba\/en\/shop\/muskarci\/muske-cipele\/gri-sport-muska-cipela-38mcj10651\/","title":{"rendered":"Gri sport Mu\u0161ka cipela 38MCJ10651"},"content":{"rendered":"<p>Od 1977. Grisport proizvodi se proizvode u Italiji u podno\u017eju Dolomita u najmodernijim proizvodnim pogonima. Svake godine se kreira preko pet hiljada novih stilova koriste\u0107i na\u0161u najsavremeniju tehnologiju. 70% energije koja se koristi za proizvodnju obu\u0107e dolazi iz solarne energije iz fotonaponske elektrane, jedne od najve\u0107ih u Italiji. U cijelom asortimanu proizvoda koriste patentirane tehnike i materijale za izradu tehni\u010dke obu\u0107e visokih performansi.<\/p>","protected":false},"excerpt":{"rendered":"<p>Od 1977. Grisport proizvodi se proizvode u Italiji u podno\u017eju Dolomita u najmodernijim proizvodnim pogonima. Svake godine se kreira preko pet hiljada novih stilova koriste\u0107i na\u0161u najsavremeniju tehnologiju. 70% energije koja se koristi za proizvodnju obu\u0107e dolazi iz solarne energije iz fotonaponske elektrane, jedne od najve\u0107ih u Italiji. U cijelom asortimanu proizvoda koriste patentirane tehnike [&hellip;]<\/p>","protected":false},"featured_media":16992,"template":"","meta":{"jetpack_post_was_ever_published":false},"product_brand":[86],"product_cat":[47],"product_tag":[],"class_list":{"0":"post-16996","1":"product","2":"type-product","3":"status-publish","4":"has-post-thumbnail","6":"product_brand-planika","7":"product_cat-muske-cipele","9":"first","10":"instock","11":"sale","12":"shipping-taxable","13":"product-type-external"},"jetpack-related-posts":[],"jetpack_sharing_enabled":true,"_links":{"self":[{"href":"https:\/\/cipele.ba\/en\/wp-json\/wp\/v2\/product\/16996","targetHints":{"allow":["GET"]}}],"collection":[{"href":"https:\/\/cipele.ba\/en\/wp-json\/wp\/v2\/product"}],"about":[{"href":"https:\/\/cipele.ba\/en\/wp-json\/wp\/v2\/types\/product"}],"wp:featuredmedia":[{"embeddable":true,"href":"https:\/\/cipele.ba\/en\/wp-json\/wp\/v2\/media\/16992"}],"wp:attachment":[{"href":"https:\/\/cipele.ba\/en\/wp-json\/wp\/v2\/media?parent=16996"}],"wp:term":[{"taxonomy":"product_brand","embeddable":true,"href":"https:\/\/cipele.ba\/en\/wp-json\/wp\/v2\/product_brand?post=16996"},{"taxonomy":"product_cat","embeddable":true,"href":"https:\/\/cipele.ba\/en\/wp-json\/wp\/v2\/product_cat?post=16996"},{"taxonomy":"product_tag","embeddable":true,"href":"https:\/\/cipele.ba\/en\/wp-json\/wp\/v2\/product_tag?post=16996"}],"curies":[{"name":"wp","href":"https:\/\/api.w.org\/{rel}","templated":true}]}}