{"id":17020,"date":"2025-08-20T21:14:52","date_gmt":"2025-08-20T21:14:52","guid":{"rendered":"https:\/\/cipele.ba\/shop\/uncategorized\/skechers-muska-cipela-83mcj10071\/"},"modified":"2026-04-18T10:47:13","modified_gmt":"2026-04-18T10:47:13","slug":"skechers-muska-cipela-83mcj10071","status":"publish","type":"product","link":"https:\/\/cipele.ba\/en\/shop\/muskarci\/muske-cipele\/skechers-muska-cipela-83mcj10071\/","title":{"rendered":"Skechers Mu\u0161ka cipela 83MCJ10071"},"content":{"rendered":"","protected":false},"excerpt":{"rendered":"<p>Skechers je 1992. godine osnovao Robert Greenberg u SAD-u. Kompanija dizajnira, razvija i prodaje niz obu\u0107e za \u017eivotni stil i performanse, odje\u0107e i dodataka za odrasle i djecu;<\/p>","protected":false},"featured_media":17016,"template":"","meta":{"jetpack_post_was_ever_published":false},"product_brand":[86],"product_cat":[47],"product_tag":[],"class_list":{"0":"post-17020","1":"product","2":"type-product","3":"status-publish","4":"has-post-thumbnail","6":"product_brand-planika","7":"product_cat-muske-cipele","9":"first","10":"instock","11":"shipping-taxable","12":"product-type-external"},"jetpack-related-posts":[],"jetpack_sharing_enabled":true,"_links":{"self":[{"href":"https:\/\/cipele.ba\/en\/wp-json\/wp\/v2\/product\/17020","targetHints":{"allow":["GET"]}}],"collection":[{"href":"https:\/\/cipele.ba\/en\/wp-json\/wp\/v2\/product"}],"about":[{"href":"https:\/\/cipele.ba\/en\/wp-json\/wp\/v2\/types\/product"}],"wp:featuredmedia":[{"embeddable":true,"href":"https:\/\/cipele.ba\/en\/wp-json\/wp\/v2\/media\/17016"}],"wp:attachment":[{"href":"https:\/\/cipele.ba\/en\/wp-json\/wp\/v2\/media?parent=17020"}],"wp:term":[{"taxonomy":"product_brand","embeddable":true,"href":"https:\/\/cipele.ba\/en\/wp-json\/wp\/v2\/product_brand?post=17020"},{"taxonomy":"product_cat","embeddable":true,"href":"https:\/\/cipele.ba\/en\/wp-json\/wp\/v2\/product_cat?post=17020"},{"taxonomy":"product_tag","embeddable":true,"href":"https:\/\/cipele.ba\/en\/wp-json\/wp\/v2\/product_tag?post=17020"}],"curies":[{"name":"wp","href":"https:\/\/api.w.org\/{rel}","templated":true}]}}