{"id":17047,"date":"2025-08-20T21:15:15","date_gmt":"2025-08-20T21:15:15","guid":{"rendered":"https:\/\/cipele.ba\/shop\/uncategorized\/salamander-muska-cipela-11mcj11231\/"},"modified":"2026-04-18T18:31:07","modified_gmt":"2026-04-18T18:31:07","slug":"salamander-muska-cipela-11mcj11231","status":"publish","type":"product","link":"https:\/\/cipele.ba\/en\/shop\/muskarci\/muske-cipele\/salamander-muska-cipela-11mcj11231\/","title":{"rendered":"Salamander Mu\u0161ka cipela 11MCJ11231"},"content":{"rendered":"<p>Mladi majstor obu\u0107ar Jakob Sigle otvorio je 1. jula 1885. sopstvenu obu\u0107arsku radionicu u Kornwestheimu, Njema\u010dka. Godine 1891. pridru\u017eio im se Max Levi, putnik ko\u017eom i iskusni trgovac cipelama i zajedno su razvili kompaniju u nove dimenzije. Tokom decenija kompanija je prolazila kroz razne prepreke, uspone i padove, da bi se u novijoj historiji pozicionirala kao jedan od najprepoznatljivih proizvo\u0111a\u010da obu\u0107e. Salamander postaje sna\u017ena zajednica za dobru obu\u0107u. Ima preko 250 prodavnica obu\u0107e u Nema\u010dkoj, Austriji, Ma\u0111arskoj, \u010ce\u0161koj, Slova\u010dkoj i mnogim drugim zemljama.<\/p>","protected":false},"excerpt":{"rendered":"<p>Mladi majstor obu\u0107ar Jakob Sigle otvorio je 1. jula 1885. sopstvenu obu\u0107arsku radionicu u Kornwestheimu, Njema\u010dka. Godine 1891. pridru\u017eio im se Max Levi, putnik ko\u017eom i iskusni trgovac cipelama i zajedno su razvili kompaniju u nove dimenzije. Tokom decenija kompanija je prolazila kroz razne prepreke, uspone i padove, da bi se u novijoj historiji pozicionirala [&hellip;]<\/p>","protected":false},"featured_media":17044,"template":"","meta":{"jetpack_post_was_ever_published":false},"product_brand":[86],"product_cat":[47],"product_tag":[],"class_list":{"0":"post-17047","1":"product","2":"type-product","3":"status-publish","4":"has-post-thumbnail","6":"product_brand-planika","7":"product_cat-muske-cipele","9":"first","10":"instock","11":"sale","12":"shipping-taxable","13":"product-type-external"},"jetpack-related-posts":[],"jetpack_sharing_enabled":true,"_links":{"self":[{"href":"https:\/\/cipele.ba\/en\/wp-json\/wp\/v2\/product\/17047","targetHints":{"allow":["GET"]}}],"collection":[{"href":"https:\/\/cipele.ba\/en\/wp-json\/wp\/v2\/product"}],"about":[{"href":"https:\/\/cipele.ba\/en\/wp-json\/wp\/v2\/types\/product"}],"wp:featuredmedia":[{"embeddable":true,"href":"https:\/\/cipele.ba\/en\/wp-json\/wp\/v2\/media\/17044"}],"wp:attachment":[{"href":"https:\/\/cipele.ba\/en\/wp-json\/wp\/v2\/media?parent=17047"}],"wp:term":[{"taxonomy":"product_brand","embeddable":true,"href":"https:\/\/cipele.ba\/en\/wp-json\/wp\/v2\/product_brand?post=17047"},{"taxonomy":"product_cat","embeddable":true,"href":"https:\/\/cipele.ba\/en\/wp-json\/wp\/v2\/product_cat?post=17047"},{"taxonomy":"product_tag","embeddable":true,"href":"https:\/\/cipele.ba\/en\/wp-json\/wp\/v2\/product_tag?post=17047"}],"curies":[{"name":"wp","href":"https:\/\/api.w.org\/{rel}","templated":true}]}}