{"id":17069,"date":"2025-08-20T21:15:38","date_gmt":"2025-08-20T21:15:38","guid":{"rendered":"https:\/\/cipele.ba\/shop\/uncategorized\/bata-muska-cipela-63mcj10691\/"},"modified":"2026-04-15T15:51:58","modified_gmt":"2026-04-15T15:51:58","slug":"bata-muska-cipela-63mcj10691","status":"publish","type":"product","link":"https:\/\/cipele.ba\/en\/shop\/muskarci\/muske-cipele\/bata-muska-cipela-63mcj10691\/","title":{"rendered":"Bata Mu\u0161ka cipela 63MCJ10691"},"content":{"rendered":"<p>Bata Grupa je porodi\u010dna firma koja postoji ve\u0107 vi\u0161e od 125 godina, a porijeklo vodi iz nekad\u0161nje \u010cehoslova\u010dke. Bata ime i logo prevedeni su na vi\u0161e od 14 jezika. U nekim krajevima rije\u010d &#8220;Bata&#8221; postala je sinonim za &#8220;cipele&#8221; jer je to bila jedina proizvedena obu\u0107a koju su lokalni ljudi poznavali. Namjenski poslovi e-trgovine i 24 fabrike u vlasni\u0161tvu kompanije, Bata kombinuje najbolje od globalnog i lokalnog, efikasno zadovoljavaju\u0107i potrebe potro\u0161a\u010da \u0161irom sveta.<\/p>","protected":false},"excerpt":{"rendered":"<p>Bata Grupa je porodi\u010dna firma koja postoji ve\u0107 vi\u0161e od 125 godina, a porijeklo vodi iz nekad\u0161nje \u010cehoslova\u010dke. Bata ime i logo prevedeni su na vi\u0161e od 14 jezika. U nekim krajevima rije\u010d &#8220;Bata&#8221; postala je sinonim za &#8220;cipele&#8221; jer je to bila jedina proizvedena obu\u0107a koju su lokalni ljudi poznavali. Namjenski poslovi e-trgovine i [&hellip;]<\/p>","protected":false},"featured_media":17066,"template":"","meta":{"jetpack_post_was_ever_published":false},"product_brand":[86],"product_cat":[47],"product_tag":[],"class_list":{"0":"post-17069","1":"product","2":"type-product","3":"status-publish","4":"has-post-thumbnail","6":"product_brand-planika","7":"product_cat-muske-cipele","9":"first","10":"instock","11":"sale","12":"shipping-taxable","13":"product-type-external"},"jetpack-related-posts":[],"jetpack_sharing_enabled":true,"_links":{"self":[{"href":"https:\/\/cipele.ba\/en\/wp-json\/wp\/v2\/product\/17069","targetHints":{"allow":["GET"]}}],"collection":[{"href":"https:\/\/cipele.ba\/en\/wp-json\/wp\/v2\/product"}],"about":[{"href":"https:\/\/cipele.ba\/en\/wp-json\/wp\/v2\/types\/product"}],"wp:featuredmedia":[{"embeddable":true,"href":"https:\/\/cipele.ba\/en\/wp-json\/wp\/v2\/media\/17066"}],"wp:attachment":[{"href":"https:\/\/cipele.ba\/en\/wp-json\/wp\/v2\/media?parent=17069"}],"wp:term":[{"taxonomy":"product_brand","embeddable":true,"href":"https:\/\/cipele.ba\/en\/wp-json\/wp\/v2\/product_brand?post=17069"},{"taxonomy":"product_cat","embeddable":true,"href":"https:\/\/cipele.ba\/en\/wp-json\/wp\/v2\/product_cat?post=17069"},{"taxonomy":"product_tag","embeddable":true,"href":"https:\/\/cipele.ba\/en\/wp-json\/wp\/v2\/product_tag?post=17069"}],"curies":[{"name":"wp","href":"https:\/\/api.w.org\/{rel}","templated":true}]}}