{"id":17155,"date":"2025-08-20T21:16:57","date_gmt":"2025-08-20T21:16:57","guid":{"rendered":"https:\/\/cipele.ba\/shop\/uncategorized\/mexx-muska-cipela-18mcj10081\/"},"modified":"2026-04-18T18:28:56","modified_gmt":"2026-04-18T18:28:56","slug":"mexx-muska-cipela-18mcj10081","status":"publish","type":"product","link":"https:\/\/cipele.ba\/en\/shop\/muskarci\/muske-cipele\/mexx-muska-cipela-18mcj10081\/","title":{"rendered":"Mexx Mu\u0161ka cipela 18MCJ10081"},"content":{"rendered":"","protected":false},"excerpt":{"rendered":"<p>Mexx je nizozemski modni brend koji je stvorio Rattan Chadha 1986. spajanjem svojih brendova Mustache (za mu\u0161karce) i Emmanuelle (za \u017eene). Mexx je izrastao u me\u0111unarodni brend \u017eenske, mu\u0161ke i dje\u010dje odje\u0107e sa trgovinama u vi\u0161e od 50 zemalja.<\/p>","protected":false},"featured_media":17152,"template":"","meta":{"jetpack_post_was_ever_published":false},"product_brand":[86],"product_cat":[47],"product_tag":[],"class_list":{"0":"post-17155","1":"product","2":"type-product","3":"status-publish","4":"has-post-thumbnail","6":"product_brand-planika","7":"product_cat-muske-cipele","9":"first","10":"instock","11":"sale","12":"shipping-taxable","13":"product-type-external"},"jetpack-related-posts":[],"jetpack_sharing_enabled":true,"_links":{"self":[{"href":"https:\/\/cipele.ba\/en\/wp-json\/wp\/v2\/product\/17155","targetHints":{"allow":["GET"]}}],"collection":[{"href":"https:\/\/cipele.ba\/en\/wp-json\/wp\/v2\/product"}],"about":[{"href":"https:\/\/cipele.ba\/en\/wp-json\/wp\/v2\/types\/product"}],"wp:featuredmedia":[{"embeddable":true,"href":"https:\/\/cipele.ba\/en\/wp-json\/wp\/v2\/media\/17152"}],"wp:attachment":[{"href":"https:\/\/cipele.ba\/en\/wp-json\/wp\/v2\/media?parent=17155"}],"wp:term":[{"taxonomy":"product_brand","embeddable":true,"href":"https:\/\/cipele.ba\/en\/wp-json\/wp\/v2\/product_brand?post=17155"},{"taxonomy":"product_cat","embeddable":true,"href":"https:\/\/cipele.ba\/en\/wp-json\/wp\/v2\/product_cat?post=17155"},{"taxonomy":"product_tag","embeddable":true,"href":"https:\/\/cipele.ba\/en\/wp-json\/wp\/v2\/product_tag?post=17155"}],"curies":[{"name":"wp","href":"https:\/\/api.w.org\/{rel}","templated":true}]}}